{"id":906,"date":"2025-03-30T07:17:24","date_gmt":"2025-03-30T05:17:24","guid":{"rendered":"https:\/\/pouadvocats.com\/politica-de-privacidad\/"},"modified":"2025-04-08T12:16:38","modified_gmt":"2025-04-08T10:16:38","slug":"politica-de-privacidad","status":"publish","type":"page","link":"https:\/\/pouadvocats.com\/es\/politica-de-privacidad\/","title":{"rendered":"Pol\u00edtica de privacidad"},"content":{"rendered":"\t\t<div data-elementor-type=\"wp-page\" data-elementor-id=\"906\" class=\"elementor elementor-906 elementor-3\" data-elementor-post-type=\"page\">\n\t\t\t\t<div class=\"elementor-element elementor-element-5a04ece9 e-flex e-con-boxed e-con e-parent\" data-id=\"5a04ece9\" data-element_type=\"container\" data-e-type=\"container\">\n\t\t\t\t\t<div class=\"e-con-inner\">\n\t\t\t\t<div class=\"elementor-element elementor-element-55fc4684 elementor-widget elementor-widget-text-editor\" data-id=\"55fc4684\" data-element_type=\"widget\" data-e-type=\"widget\" data-widget_type=\"text-editor.default\">\n\t\t\t\t<div class=\"elementor-widget-container\">\n\t\t\t\t\t\t\t\t\t\n<h1 class=\"wp-block-heading\"><strong>POL\u00cdTICA DE PROTECCI\u00d3N DE DATOS PERSONALES<\/strong><\/h1>\n<p> <\/p>\n\n<p><strong>Alcance de la pol\u00edtica de protecci\u00f3n de datos personales<br><\/strong> Esta pol\u00edtica de protecci\u00f3n de datos de car\u00e1cter personal abarca cualquier tratamiento de datos que pueda producirse al navegar o interaccionar por cualquiera de nuestras p\u00e1ginas web o las red sociales en las que podamos tener presencia (Facebook, Twitter, Instagram, etc.). Al final de este documento se especifica informaci\u00f3n especial en el caso del uso de las redes sociales. Tambi\u00e9n se aplicar\u00e1 a cualquier procedimiento interno de la empresa que requiera la recogida de datos, ya sea en formularios en formato papel o en cualquier otro sistema.  <\/p>\n\n<p>En cualquiera de estos medios, usted puede consultar informaci\u00f3n, y en algunos casos, rellenar formularios, contestar encuestas, participar en concursos, realizar consultas, enviar fotograf\u00edas, realizar comentarios, etc. y, por tanto, proporcionarnos informaci\u00f3n de datos de car\u00e1cter personal. Todos los tratamientos est\u00e1n sujetos a nuestra pol\u00edtica de privacidad. <\/p>\n\n<p><strong>\u00bfQui\u00e9n es el responsable del Tratamiento de sus datos personales?<br><\/strong>En cumplimiento de lo establecido en el Reglamento (UE) 2016\/679 del Parlamento Europeo y del Consejo de 27 de abril de 2016, informamos, que las datos de car\u00e1cter personal que nos proporcione ser\u00e1n tratadas por POU ADVOCATS SLP con domicilio social:<\/p>\n\n<p><strong>\u00bfQui\u00e9n es el Delegado de Protecci\u00f3n de Datos Personales? (en caso de nombrar Delegado, si no es obligatorio) <br><\/strong>El Delegado de Protecci\u00f3n de Datos Personales es la persona encargada de proteger el derecho fundamental a la protecci\u00f3n de datos personales en POU ADVOCATS SLP que se encarga del cumplimiento de la normativa de protecci\u00f3n de datos. Podr\u00e1 contactar con el Delegado de Protecci\u00f3n de Datos Personales en la siguiente direcci\u00f3n: advocatsecretaria@pouadvocats.com   <\/p>\n\n<p><strong>\u00bfQu\u00e9 Datos Personales se recogen y con qu\u00e9 finalidad?<br><\/strong>Detallamos, las datos personales que gestiona, as\u00ed como sobre finalidades.<\/p>\n\n<figure class=\"wp-block-table\">\n<table class=\"has-fixed-layout\">\n<tbody>\n<tr>\n<td><strong>Apartado<\/strong><\/td>\n <td><strong>Datos<\/strong><\/td>\n <td><strong>Finalidad y legitimidad<\/strong><\/td>\n <td><strong>Destinatario<\/strong><\/td>\n<\/tr>\n<tr>\n<td><strong>Formulario de contacto<\/strong><\/td>\n <td>Correo electr\u00f3nico<\/td>\n <td>Contestar a su pregunta, legitimada en su petici\u00f3n previa.<\/td>\n <td>POZO ABOGADOS SLP<\/td>\n<\/tr>\n<tr>\n<td><strong>Alta de usuario<\/strong><\/td>\n <td>N\u00famero, direcci\u00f3n, tel\u00e9fono y correo electr\u00f3nico<\/td>\n <td>Creaci\u00f3n de un cuenta de cliente dentro del despacho.<\/td>\n <td>POZO ABOGADOS SLP<\/td>\n<\/tr>\n<\/tbody>\n<\/table>\n<\/figure>\n\n<p>Su consentimiento puede ser revocado en cualquier momento.<\/p>\n\n<p>POZO ABOGADOS SLP utiliza herramientas para analizar perfiles, comportamientos o preferencias de los usuarios y posteriormente realizar campa\u00f1as dirigidas en funci\u00f3n de estas datos.<\/p>\n\n<p><strong>\u00bfPor qu\u00e9 raz\u00f3n utilizamos sus datos personales?<br><\/strong>A continuaci\u00f3n, le explicamos la base legal que nos permite tratar sus datos personales.<\/p>\n\n<p>1. En cumplimiento de una relaci\u00f3n contractual.<\/p>\n\n<p>2. Cuando nos da su consentimiento.  <\/p>\n\n<p>3. Por inter\u00e9s leg\u00edtimo de POU ADVOCATS SLP para mostrarle servicios, productos e iniciativas que puedan interesarle  <\/p>\n\n<p>4. Cumplimiento de obligaciones impuestas por Ley.<\/p>\n\n<p>Le recordamos que puede revocar su consentimiento en cualquier momento en la siguiente direcci\u00f3n: advocatsecretaria@pouadvocats.com<\/p>\n\n<p><strong>Publicaciones de fotos o v\u00eddeos en la p\u00e1gina web o en las red sociales<br><\/strong> Para la publicaci\u00f3n de fotograf\u00edas o v\u00eddeos de nuestros trabajadores, clientes, usuarios o menores en la web o redes sociales, al igual que para recopilar datos para realizar un concurso o tratar cualquier otra fecha personal, previamente obtenemos el consentimiento previo, expl\u00edcito, indiscutible e informaci\u00f3n del titular que, en el caso de los menores de 14 a\u00f1os, se otorga por los padres.<\/p>\n\n<p>El tratamiento de estas fotos, acata el principio de proporcionalidad, es decir, solo se tratan estrictamente para la finalidad para la que se ha prestado el consentimiento.<\/p>\n\n<p><strong>Datos no pertinentes<br><\/strong> PUEDE ADVOCATS SLP advierte al usuario que, salvo la existencia de una representaci\u00f3n legalmente constituida, ning\u00fan usuario puede utilizar la identidad de otra persona y comunicar sus datos personales, por lo que el usuario en todo momento deber\u00e1 tener en cuenta que s\u00f3lo puede proporcionar datos personales correspondiente a su propia identidad y que sean adecuados, pertinentes, actuales, exactos y verdaderos.<\/p>\n\n<p><strong>\u00bfCu\u00e1nto tiempo conservaremos sus datos?<br><\/strong>PUEDE ABOGADOS SLP guarda sobre Datos Personales mientras sea necesario para el fin por el que fueron recopilados. Si la directriz se distingue a la indicada en esta pol\u00edtica se detalla en el documento pertinente. <\/p>\n\n<p><strong>\u00bfA qui\u00e9n comunicaremos sus datos?<br><\/strong>POU ABOGADOS SLP s\u00f3lo ceder\u00e1 sus datos en aquellos servicios en los que se indica y en los casos previstos por ley. No se realizar\u00e1n transferencias internacionales de sus datos personales. <\/p>\n\n<p>En el caso de las redes sociales, toda la informaci\u00f3n y contenidos publicados por el usuario ser\u00e1n objeto de comunicaci\u00f3n y compartidos con el resto de los usuarios que consulten esta red social, por la propia naturaleza del servicio.  <\/p>\n\n<p><strong>Medidas de seguridad<br><\/strong> POU ABOGADOS SLP asegura la absoluta confidencialidad y privacidad de las datos personales recogidos y por ello se han adoptado medidas esenciales de seguridad para evitar la alteraci\u00f3n, p\u00e9rdida, tratamiento o acceso no autorizado y garantizar as\u00ed su integridad y seguridad.  <\/p>\n\n<p>El Usuario se compromete a hacer un uso diligente ya no poner a disposici\u00f3n de terceros su n\u00famero de usuario y contrase\u00f1a, as\u00ed mismo se compromete a quitar a disposici\u00f3n de la empresa cualquiera, robo, p\u00e9rdida o riesgo de acceso de terceros al usuario.<\/p>\n\n<p><strong>\u00bfCu\u00e1les son sus derechos cuando nos facilita sus datos personales?<\/strong><\/p>\n\n<figure class=\"wp-block-table\">\n<table class=\"has-fixed-layout\">\n<tbody>\n<tr>\n<td><strong>Derecho<\/strong><\/td>\n <td><strong>Contenido<\/strong><\/td>\n <td><strong>Canal de atenci\u00f3n<\/strong><\/td>\n<\/tr>\n<tr>\n<td>Acceso<\/td>\n <td>Podr\u00e1 consultar las datos personales gestionados.<\/td>\n <td rowspan=\"6\">advocatsecretaria@pouadvocats.com<\/td>\n<\/tr>\n<tr>\n<td>Rectificaci\u00f3n<\/td>\n <td>Podr\u00e1 modificar sus datos personales cuando sean inexactos.<\/td>\n<\/tr>\n<tr>\n<td>Supresi\u00f3n<\/td>\n <td>Podr\u00e1 solicitar la eliminaci\u00f3n de sus datos personales.<\/td>\n<\/tr>\n<tr>\n<td>Oposici\u00f3n<\/td>\n <td>Podr\u00e1 solicitar que no se traten sus datos personales.<\/td>\n<\/tr>\n<tr>\n<td>Limitaci\u00f3n del tratamiento<\/td>\n<td>Podr\u00e1s solicitar la limitaci\u00f3n al tratamiento de sus datos en los siguientes casos: Mientras se comprueba la impugnaci\u00f3n de la exactitud de sus datos. Cuando no necesite tratar sus datos, pero usted los necesite para el ejercicio o defensa de reclamaciones. <\/td>\n<\/tr>\n<tr>\n<td>Portabilidad<\/td>\n <td>Podr\u00e1 recibir en formato electr\u00f3nico las datos que nos haya facilitado en formato electr\u00f3nico.<\/td>\n<\/tr>\n<tr>\n<td colspan=\"3\">Si considera que no hemos tratado sus datos personales de acuerdo con la normativa puede contactar con el Delegado de Protecci\u00f3n de Datos en la direcci\u00f3n <strong>advocatsecretaria@pouadvocats.com<\/strong> No obstante, podr\u00e1 presentar una reclamaci\u00f3n ante la Agencia Espa\u00f1ola de Protecci\u00f3n de Datos (www.agpd.es).<\/td>\n<\/tr>\n<tr>\n<td colspan=\"3\">Para ejercitar sus derechos, acompa\u00f1e su solicitud una copia de su DNI o documento acreditativo de su identidad.<\/td>\n<\/tr>\n<tr>\n<td colspan=\"3\">El ejercicio de sus derechos es gratuito<\/td>\n<\/tr>\n<\/tbody>\n<\/table>\n<\/figure>\n\n<p><strong>Redes sociales<br><\/strong> El funcionamiento de las redes sociales no est\u00e1 bajo el control de POU ADVOCATS SLP, y por tanto la informaci\u00f3n que publique ser\u00e1 compartida por todos los usuarios que las consulten. Asimismo, estas red permiten la interacci\u00f3n con otros usuarios, y por tanto, a continuaci\u00f3n, se detallan unas premisas que debe tener en cuenta. <\/p>\n\n<p>El objeto de la utilizaci\u00f3n de las red sociales es dar visibilidad y difusi\u00f3n de los productos que desarrolla POU ADVOCATS SLP  <\/p>\n\n<p>En principio, se aplica la misma pol\u00edtica de protecci\u00f3n de datos especificada en este documento, en cuanto a la recogida, tratamiento y cesi\u00f3n de datos.<\/p>\n\n<p>El usuario debe comprometerse a:<\/p>\n\n<ul class=\"wp-block-list\">\n<li>No publicar informaciones que no respondan a los requisitos de veracidad, inter\u00e9s p\u00fablico y respeto a la dignidad de las personas. En especial, el usuario deber\u00e1 evitar toda conducta que pueda atentarse contra el principio de no discriminaci\u00f3n por razones de sexo, raza, religi\u00f3n, ideolog\u00eda o cualquier otra circunstancia personal o social, y contra la intimidad, el honor y la propia imagen, siendo el responsable final sobre la veracidad y legalidad de los contenidos que publique. <\/li>\n\n<li>No grabar ni publicar im\u00e1genes, v\u00eddeos o cualquier otro tipo de registro sin el consentimiento de los afectados.<\/li>\n<\/ul>\n\n<p>POU ABOGADOS SLP no se identifica con las opiniones expresadas por otros ni con la ideolog\u00eda de los perfiles con los que tenga amistad en cualquier red social.<\/p>\n\n<p>POU ADVOCATS SLP se reserva el derecho de eliminar de sus redes sociales cualquier informaci\u00f3n publicada por otros que vulnere la legalidad, incite a hacerlo o contenga mensajes que atentan contra la dignidad de personas o instituciones, as\u00ed como de bloquear o denunciar el perfil del autor de dichos mensajes.<\/p>\n\n<p><strong>Recomendaciones a los usuarios\/as<\/strong><\/p>\n\n<p>No ofrezca datos de terceros sin el previo consentimiento de \u00e9stos.<\/p>\n\n<p>Revise y lea las condiciones generales de uso y la pol\u00edtica de privacidad de la red social en el momento de registrarse.<\/p>\n\n<p>Aprenda las posibilidades de configuraci\u00f3n y uso que la red ofrezca.<\/p>\n\n<p>Configure adecuadamente el grado de privacidad del perfil de usuario en la red social.<\/p>\n\n<p>No publique informaci\u00f3n excesiva sobre su vida personal y familiar.<\/p>\n\n<p>Tenga cuidado con la publicaci\u00f3n de contenidos audiovisuales y gr\u00e1ficos en su perfil, especialmente si se alojar\u00e1n im\u00e1genes relativas a terceras personas.<\/p>\n\t\t\t\t\t\t\t\t<\/div>\n\t\t\t\t<\/div>\n\t\t\t\t\t<\/div>\n\t\t\t\t<\/div>\n\t\t\t\t<\/div>\n\t\t","protected":false},"excerpt":{"rendered":"<p>POL\u00cdTICA DE PROTECCI\u00d3N DE DATOS PERSONALES Alcance de la pol\u00edtica de protecci\u00f3n de datos personales Esta pol\u00edtica de protecci\u00f3n de datos de car\u00e1cter personal abarca cualquier tratamiento de datos que pueda producirse al navegar o interaccionar por cualquiera de nuestras p\u00e1ginas web o las red sociales en las que podamos tener presencia (Facebook, Twitter, Instagram, [&hellip;]<\/p>\n","protected":false},"author":1,"featured_media":780,"parent":0,"menu_order":0,"comment_status":"closed","ping_status":"closed","template":"elementor_header_footer","meta":{"footnotes":""},"class_list":["post-906","page","type-page","status-publish","has-post-thumbnail","hentry"],"yoast_head":"<!-- This site is optimized with the Yoast SEO plugin v27.4 - https:\/\/yoast.com\/product\/yoast-seo-wordpress\/ -->\n<title>Pol\u00edtica de privacidad - Pou advocats Girona<\/title>\n<meta name=\"description\" content=\"Conoce la pol\u00edtica de privacidad de Pou Advocats, despacho de abogados en Girona. Tratamos tus datos con seguridad y transparencia.\" \/>\n<meta name=\"robots\" content=\"index, follow, max-snippet:-1, max-image-preview:large, max-video-preview:-1\" \/>\n<link rel=\"canonical\" href=\"https:\/\/pouadvocats.com\/es\/politica-de-privacidad\/\" \/>\n<meta property=\"og:locale\" content=\"es_ES\" \/>\n<meta property=\"og:type\" content=\"article\" \/>\n<meta property=\"og:title\" content=\"Pol\u00edtica de privacidad - Pou advocats Girona\" \/>\n<meta property=\"og:description\" content=\"Conoce la pol\u00edtica de privacidad de Pou Advocats, despacho de abogados en Girona. Tratamos tus datos con seguridad y transparencia.\" \/>\n<meta property=\"og:url\" content=\"https:\/\/pouadvocats.com\/es\/politica-de-privacidad\/\" \/>\n<meta property=\"og:site_name\" content=\"Pou advocats\" \/>\n<meta property=\"article:modified_time\" content=\"2025-04-08T10:16:38+00:00\" \/>\n<meta property=\"og:image\" content=\"https:\/\/pouadvocats.com\/wp-content\/uploads\/2025\/03\/pou-advocats-favicon.webp\" \/>\n\t<meta property=\"og:image:width\" content=\"927\" \/>\n\t<meta property=\"og:image:height\" content=\"928\" \/>\n\t<meta property=\"og:image:type\" content=\"image\/webp\" \/>\n<meta name=\"twitter:card\" content=\"summary_large_image\" \/>\n<meta name=\"twitter:label1\" content=\"Tiempo de lectura\" \/>\n\t<meta name=\"twitter:data1\" content=\"7 minutos\" \/>\n<script type=\"application\/ld+json\" class=\"yoast-schema-graph\">{\"@context\":\"https:\\\/\\\/schema.org\",\"@graph\":[{\"@type\":\"WebPage\",\"@id\":\"https:\\\/\\\/pouadvocats.com\\\/es\\\/politica-de-privacidad\\\/\",\"url\":\"https:\\\/\\\/pouadvocats.com\\\/es\\\/politica-de-privacidad\\\/\",\"name\":\"Pol\u00edtica de privacidad - Pou advocats Girona\",\"isPartOf\":{\"@id\":\"https:\\\/\\\/pouadvocats.com\\\/es\\\/#website\"},\"primaryImageOfPage\":{\"@id\":\"https:\\\/\\\/pouadvocats.com\\\/es\\\/politica-de-privacidad\\\/#primaryimage\"},\"image\":{\"@id\":\"https:\\\/\\\/pouadvocats.com\\\/es\\\/politica-de-privacidad\\\/#primaryimage\"},\"thumbnailUrl\":\"https:\\\/\\\/pouadvocats.com\\\/wp-content\\\/uploads\\\/2025\\\/03\\\/pou-advocats-favicon.webp\",\"datePublished\":\"2025-03-30T05:17:24+00:00\",\"dateModified\":\"2025-04-08T10:16:38+00:00\",\"description\":\"Conoce la pol\u00edtica de privacidad de Pou Advocats, despacho de abogados en Girona. Tratamos tus datos con seguridad y transparencia.\",\"breadcrumb\":{\"@id\":\"https:\\\/\\\/pouadvocats.com\\\/es\\\/politica-de-privacidad\\\/#breadcrumb\"},\"inLanguage\":\"es\",\"potentialAction\":[{\"@type\":\"ReadAction\",\"target\":[\"https:\\\/\\\/pouadvocats.com\\\/es\\\/politica-de-privacidad\\\/\"]}]},{\"@type\":\"ImageObject\",\"inLanguage\":\"es\",\"@id\":\"https:\\\/\\\/pouadvocats.com\\\/es\\\/politica-de-privacidad\\\/#primaryimage\",\"url\":\"https:\\\/\\\/pouadvocats.com\\\/wp-content\\\/uploads\\\/2025\\\/03\\\/pou-advocats-favicon.webp\",\"contentUrl\":\"https:\\\/\\\/pouadvocats.com\\\/wp-content\\\/uploads\\\/2025\\\/03\\\/pou-advocats-favicon.webp\",\"width\":927,\"height\":928,\"caption\":\"Pou Advocats\"},{\"@type\":\"BreadcrumbList\",\"@id\":\"https:\\\/\\\/pouadvocats.com\\\/es\\\/politica-de-privacidad\\\/#breadcrumb\",\"itemListElement\":[{\"@type\":\"ListItem\",\"position\":1,\"name\":\"Inici\",\"item\":\"https:\\\/\\\/pouadvocats.com\\\/es\\\/inicio-2\\\/\"},{\"@type\":\"ListItem\",\"position\":2,\"name\":\"Pol\u00edtica de privacidad\"}]},{\"@type\":\"WebSite\",\"@id\":\"https:\\\/\\\/pouadvocats.com\\\/es\\\/#website\",\"url\":\"https:\\\/\\\/pouadvocats.com\\\/es\\\/\",\"name\":\"Pou advocats\",\"description\":\"Vocaci\u00f3 d&#039;excel\u00b7l\u00e8ncia\",\"publisher\":{\"@id\":\"https:\\\/\\\/pouadvocats.com\\\/es\\\/#organization\"},\"potentialAction\":[{\"@type\":\"SearchAction\",\"target\":{\"@type\":\"EntryPoint\",\"urlTemplate\":\"https:\\\/\\\/pouadvocats.com\\\/es\\\/?s={search_term_string}\"},\"query-input\":{\"@type\":\"PropertyValueSpecification\",\"valueRequired\":true,\"valueName\":\"search_term_string\"}}],\"inLanguage\":\"es\"},{\"@type\":\"Organization\",\"@id\":\"https:\\\/\\\/pouadvocats.com\\\/es\\\/#organization\",\"name\":\"Pou advocats\",\"url\":\"https:\\\/\\\/pouadvocats.com\\\/es\\\/\",\"logo\":{\"@type\":\"ImageObject\",\"inLanguage\":\"es\",\"@id\":\"https:\\\/\\\/pouadvocats.com\\\/es\\\/#\\\/schema\\\/logo\\\/image\\\/\",\"url\":\"https:\\\/\\\/pouadvocats.com\\\/wp-content\\\/uploads\\\/2025\\\/03\\\/pou-advocats-favicon.webp\",\"contentUrl\":\"https:\\\/\\\/pouadvocats.com\\\/wp-content\\\/uploads\\\/2025\\\/03\\\/pou-advocats-favicon.webp\",\"width\":927,\"height\":928,\"caption\":\"Pou advocats\"},\"image\":{\"@id\":\"https:\\\/\\\/pouadvocats.com\\\/es\\\/#\\\/schema\\\/logo\\\/image\\\/\"}}]}<\/script>\n<!-- \/ Yoast SEO plugin. -->","yoast_head_json":{"title":"Pol\u00edtica de privacidad - Pou advocats Girona","description":"Conoce la pol\u00edtica de privacidad de Pou Advocats, despacho de abogados en Girona. Tratamos tus datos con seguridad y transparencia.","robots":{"index":"index","follow":"follow","max-snippet":"max-snippet:-1","max-image-preview":"max-image-preview:large","max-video-preview":"max-video-preview:-1"},"canonical":"https:\/\/pouadvocats.com\/es\/politica-de-privacidad\/","og_locale":"es_ES","og_type":"article","og_title":"Pol\u00edtica de privacidad - Pou advocats Girona","og_description":"Conoce la pol\u00edtica de privacidad de Pou Advocats, despacho de abogados en Girona. Tratamos tus datos con seguridad y transparencia.","og_url":"https:\/\/pouadvocats.com\/es\/politica-de-privacidad\/","og_site_name":"Pou advocats","article_modified_time":"2025-04-08T10:16:38+00:00","og_image":[{"width":927,"height":928,"url":"https:\/\/pouadvocats.com\/wp-content\/uploads\/2025\/03\/pou-advocats-favicon.webp","type":"image\/webp"}],"twitter_card":"summary_large_image","twitter_misc":{"Tiempo de lectura":"7 minutos"},"schema":{"@context":"https:\/\/schema.org","@graph":[{"@type":"WebPage","@id":"https:\/\/pouadvocats.com\/es\/politica-de-privacidad\/","url":"https:\/\/pouadvocats.com\/es\/politica-de-privacidad\/","name":"Pol\u00edtica de privacidad - Pou advocats Girona","isPartOf":{"@id":"https:\/\/pouadvocats.com\/es\/#website"},"primaryImageOfPage":{"@id":"https:\/\/pouadvocats.com\/es\/politica-de-privacidad\/#primaryimage"},"image":{"@id":"https:\/\/pouadvocats.com\/es\/politica-de-privacidad\/#primaryimage"},"thumbnailUrl":"https:\/\/pouadvocats.com\/wp-content\/uploads\/2025\/03\/pou-advocats-favicon.webp","datePublished":"2025-03-30T05:17:24+00:00","dateModified":"2025-04-08T10:16:38+00:00","description":"Conoce la pol\u00edtica de privacidad de Pou Advocats, despacho de abogados en Girona. Tratamos tus datos con seguridad y transparencia.","breadcrumb":{"@id":"https:\/\/pouadvocats.com\/es\/politica-de-privacidad\/#breadcrumb"},"inLanguage":"es","potentialAction":[{"@type":"ReadAction","target":["https:\/\/pouadvocats.com\/es\/politica-de-privacidad\/"]}]},{"@type":"ImageObject","inLanguage":"es","@id":"https:\/\/pouadvocats.com\/es\/politica-de-privacidad\/#primaryimage","url":"https:\/\/pouadvocats.com\/wp-content\/uploads\/2025\/03\/pou-advocats-favicon.webp","contentUrl":"https:\/\/pouadvocats.com\/wp-content\/uploads\/2025\/03\/pou-advocats-favicon.webp","width":927,"height":928,"caption":"Pou Advocats"},{"@type":"BreadcrumbList","@id":"https:\/\/pouadvocats.com\/es\/politica-de-privacidad\/#breadcrumb","itemListElement":[{"@type":"ListItem","position":1,"name":"Inici","item":"https:\/\/pouadvocats.com\/es\/inicio-2\/"},{"@type":"ListItem","position":2,"name":"Pol\u00edtica de privacidad"}]},{"@type":"WebSite","@id":"https:\/\/pouadvocats.com\/es\/#website","url":"https:\/\/pouadvocats.com\/es\/","name":"Pou advocats","description":"Vocaci\u00f3 d&#039;excel\u00b7l\u00e8ncia","publisher":{"@id":"https:\/\/pouadvocats.com\/es\/#organization"},"potentialAction":[{"@type":"SearchAction","target":{"@type":"EntryPoint","urlTemplate":"https:\/\/pouadvocats.com\/es\/?s={search_term_string}"},"query-input":{"@type":"PropertyValueSpecification","valueRequired":true,"valueName":"search_term_string"}}],"inLanguage":"es"},{"@type":"Organization","@id":"https:\/\/pouadvocats.com\/es\/#organization","name":"Pou advocats","url":"https:\/\/pouadvocats.com\/es\/","logo":{"@type":"ImageObject","inLanguage":"es","@id":"https:\/\/pouadvocats.com\/es\/#\/schema\/logo\/image\/","url":"https:\/\/pouadvocats.com\/wp-content\/uploads\/2025\/03\/pou-advocats-favicon.webp","contentUrl":"https:\/\/pouadvocats.com\/wp-content\/uploads\/2025\/03\/pou-advocats-favicon.webp","width":927,"height":928,"caption":"Pou advocats"},"image":{"@id":"https:\/\/pouadvocats.com\/es\/#\/schema\/logo\/image\/"}}]}},"_links":{"self":[{"href":"https:\/\/pouadvocats.com\/es\/wp-json\/wp\/v2\/pages\/906","targetHints":{"allow":["GET"]}}],"collection":[{"href":"https:\/\/pouadvocats.com\/es\/wp-json\/wp\/v2\/pages"}],"about":[{"href":"https:\/\/pouadvocats.com\/es\/wp-json\/wp\/v2\/types\/page"}],"author":[{"embeddable":true,"href":"https:\/\/pouadvocats.com\/es\/wp-json\/wp\/v2\/users\/1"}],"replies":[{"embeddable":true,"href":"https:\/\/pouadvocats.com\/es\/wp-json\/wp\/v2\/comments?post=906"}],"version-history":[{"count":5,"href":"https:\/\/pouadvocats.com\/es\/wp-json\/wp\/v2\/pages\/906\/revisions"}],"predecessor-version":[{"id":999,"href":"https:\/\/pouadvocats.com\/es\/wp-json\/wp\/v2\/pages\/906\/revisions\/999"}],"wp:featuredmedia":[{"embeddable":true,"href":"https:\/\/pouadvocats.com\/es\/wp-json\/wp\/v2\/media\/780"}],"wp:attachment":[{"href":"https:\/\/pouadvocats.com\/es\/wp-json\/wp\/v2\/media?parent=906"}],"curies":[{"name":"wp","href":"https:\/\/api.w.org\/{rel}","templated":true}]}}