{"id":2036,"date":"2025-10-01T12:02:59","date_gmt":"2025-10-01T10:02:59","guid":{"rendered":"https:\/\/pouadvocats.com\/ayudas-publicas-2\/"},"modified":"2026-03-27T19:16:12","modified_gmt":"2026-03-27T18:16:12","slug":"ayudas-publicas-2","status":"publish","type":"page","link":"https:\/\/pouadvocats.com\/es\/ayudas-publicas-2\/","title":{"rendered":"Ayudas P\u00fablicas"},"content":{"rendered":"\t\t<div data-elementor-type=\"wp-page\" data-elementor-id=\"2036\" class=\"elementor elementor-2036 elementor-1893\" data-elementor-post-type=\"page\">\n\t\t\t\t<div class=\"elementor-element elementor-element-a5beef3 e-flex e-con-boxed e-con e-parent\" data-id=\"a5beef3\" data-element_type=\"container\" data-e-type=\"container\" data-settings=\"{&quot;background_background&quot;:&quot;classic&quot;,&quot;animation&quot;:&quot;none&quot;,&quot;animation_delay&quot;:800}\">\n\t\t\t\t\t<div class=\"e-con-inner\">\n\t\t<div class=\"elementor-element elementor-element-9a39c55 e-con-full e-flex e-con e-child\" data-id=\"9a39c55\" data-element_type=\"container\" data-e-type=\"container\">\n\t\t\t\t<div class=\"elementor-element elementor-element-c11739f elementor-invisible elementor-widget elementor-widget-heading\" data-id=\"c11739f\" data-element_type=\"widget\" data-e-type=\"widget\" data-settings=\"{&quot;_animation&quot;:&quot;fadeIn&quot;,&quot;_animation_delay&quot;:700}\" data-widget_type=\"heading.default\">\n\t\t\t\t<div class=\"elementor-widget-container\">\n\t\t\t\t\t<h2 class=\"elementor-heading-title elementor-size-default\">Ayudas p\u00fablicas<\/h2>\t\t\t\t<\/div>\n\t\t\t\t<\/div>\n\t\t\t\t<\/div>\n\t\t\t\t\t<\/div>\n\t\t\t\t<\/div>\n\t\t<div class=\"elementor-element elementor-element-64323e5 e-flex e-con-boxed e-con e-parent\" data-id=\"64323e5\" data-element_type=\"container\" data-e-type=\"container\">\n\t\t\t\t\t<div class=\"e-con-inner\">\n\t\t\t\t<div class=\"elementor-element elementor-element-cd4695f elementor-invisible elementor-widget elementor-widget-text-editor\" data-id=\"cd4695f\" data-element_type=\"widget\" data-e-type=\"widget\" data-settings=\"{&quot;_animation&quot;:&quot;fadeIn&quot;,&quot;_animation_delay&quot;:600}\" data-widget_type=\"text-editor.default\">\n\t\t\t\t<div class=\"elementor-widget-container\">\n\t\t\t\t\t\t\t\t\t<p>Analizamos las necesidades de tu empresa para estudiar si pueden ser candidatas a recibir ayudas p\u00fablicas. \u00bfQuieres saber si puedes optar a alguna ayuda p\u00fablica? Puedes utilizar nuestro buscador de ayudas p\u00fablicas, totalmente gratuito, para encontrar f\u00e1cilmente cu\u00e1l mejor se adapta a tus necesidades.  <\/p><p>Si lo prefieres, tambi\u00e9n puedes explicarnos su situaci\u00f3n a trav\u00e9s del formulario de contacto y nos pondremos en contacto contigo lo antes posible, aunque el buscador es la opci\u00f3n m\u00e1s r\u00e1pida y pr\u00e1ctica.<\/p>\t\t\t\t\t\t\t\t<\/div>\n\t\t\t\t<\/div>\n\t\t\t\t<div class=\"elementor-element elementor-element-2b010fa elementor-align-center elementor-invisible elementor-widget elementor-widget-button\" data-id=\"2b010fa\" data-element_type=\"widget\" data-e-type=\"widget\" data-settings=\"{&quot;_animation&quot;:&quot;fadeIn&quot;}\" data-widget_type=\"button.default\">\n\t\t\t\t<div class=\"elementor-widget-container\">\n\t\t\t\t\t\t\t\t\t<div class=\"elementor-button-wrapper\">\n\t\t\t\t\t<a class=\"elementor-button elementor-button-link elementor-size-sm\" href=\"https:\/\/pouadvocats.app.fandit.es\/\" target=\"_blank\" rel=\"nofollow\">\n\t\t\t\t\t\t<span class=\"elementor-button-content-wrapper\">\n\t\t\t\t\t\t\t\t\t<span class=\"elementor-button-text\">BUSCADOR AYUDAS<\/span>\n\t\t\t\t\t<\/span>\n\t\t\t\t\t<\/a>\n\t\t\t\t<\/div>\n\t\t\t\t\t\t\t\t<\/div>\n\t\t\t\t<\/div>\n\t\t\t\t\t<\/div>\n\t\t\t\t<\/div>\n\t\t<div class=\"elementor-element elementor-element-fe9932a e-con-full e-flex e-con e-parent\" data-id=\"fe9932a\" data-element_type=\"container\" data-e-type=\"container\" data-settings=\"{&quot;background_background&quot;:&quot;classic&quot;}\">\n\t\t<div class=\"elementor-element elementor-element-86be60e e-con-full e-flex e-con e-child\" data-id=\"86be60e\" data-element_type=\"container\" data-e-type=\"container\">\n\t\t\t\t<div class=\"elementor-element elementor-element-85111ef elementor-invisible elementor-widget elementor-widget-text-editor\" data-id=\"85111ef\" data-element_type=\"widget\" data-e-type=\"widget\" data-settings=\"{&quot;_animation&quot;:&quot;fadeIn&quot;,&quot;_animation_delay&quot;:600}\" data-widget_type=\"text-editor.default\">\n\t\t\t\t<div class=\"elementor-widget-container\">\n\t\t\t\t\t\t\t\t\t<p>Quieres saber si puedes optar<br> \u00bfa una ayuda p\u00fablica?<br> Rellena el formulario.<\/p>\t\t\t\t\t\t\t\t<\/div>\n\t\t\t\t<\/div>\n\t\t\t\t<div class=\"elementor-element elementor-element-a551cfe elementor-invisible elementor-widget elementor-widget-text-editor\" data-id=\"a551cfe\" data-element_type=\"widget\" data-e-type=\"widget\" data-settings=\"{&quot;_animation&quot;:&quot;fadeIn&quot;,&quot;_animation_delay&quot;:600}\" data-widget_type=\"text-editor.default\">\n\t\t\t\t<div class=\"elementor-widget-container\">\n\t\t\t\t\t\t\t\t\t<p>Rellena el formulario y nos pondremos en contacto contigo para valorar si tu empresa puede beneficiarse de alguna de las ayudas disponibles actualmente.<\/p>\t\t\t\t\t\t\t\t<\/div>\n\t\t\t\t<\/div>\n\t\t\t\t<\/div>\n\t\t<div class=\"elementor-element elementor-element-8c6ee90 e-con-full e-flex e-con e-child\" data-id=\"8c6ee90\" data-element_type=\"container\" data-e-type=\"container\">\n\t\t\t\t<div class=\"elementor-element elementor-element-02518fe elementor-button-align-start elementor-invisible elementor-widget elementor-widget-form\" data-id=\"02518fe\" data-element_type=\"widget\" data-e-type=\"widget\" data-settings=\"{&quot;step_next_label&quot;:&quot;Next&quot;,&quot;step_previous_label&quot;:&quot;Previous&quot;,&quot;button_width_mobile&quot;:&quot;100&quot;,&quot;_animation&quot;:&quot;fadeIn&quot;,&quot;_animation_delay&quot;:600,&quot;button_width&quot;:&quot;100&quot;,&quot;step_type&quot;:&quot;number_text&quot;,&quot;step_icon_shape&quot;:&quot;circle&quot;}\" data-widget_type=\"form.default\">\n\t\t\t\t<div class=\"elementor-widget-container\">\n\t\t\t\t\t\t\t<form class=\"elementor-form\" method=\"post\" name=\"Ayudas p\u00fablicas\" aria-label=\"Ayudas p\u00fablicas\">\n\t\t\t<input type=\"hidden\" name=\"post_id\" value=\"2036\"\/>\n\t\t\t<input type=\"hidden\" name=\"form_id\" value=\"02518fe\"\/>\n\t\t\t<input type=\"hidden\" name=\"referer_title\" value=\"Ayudas p\u00fablicas empresas Girona - Pou advocats\" \/>\n\n\t\t\t\t\t\t\t<input type=\"hidden\" name=\"queried_id\" value=\"2036\"\/>\n\t\t\t\n\t\t\t<div class=\"elementor-form-fields-wrapper elementor-labels-\">\n\t\t\t\t\t\t\t\t<div class=\"elementor-field-type-text elementor-field-group elementor-column elementor-field-group-name elementor-col-100 elementor-field-required\">\n\t\t\t\t\t\t\t\t\t\t\t\t<label for=\"form-field-name\" class=\"elementor-field-label elementor-screen-only\">\n\t\t\t\t\t\t\t\tNombre y Apellidos\t\t\t\t\t\t\t<\/label>\n\t\t\t\t\t\t\t\t\t\t\t\t\t\t<input size=\"1\" type=\"text\" name=\"form_fields[name]\" id=\"form-field-name\" class=\"elementor-field elementor-size-sm  elementor-field-textual\" placeholder=\"Nombre y Apellidos\" required=\"required\">\n\t\t\t\t\t\t\t\t\t\t\t<\/div>\n\t\t\t\t\t\t\t\t<div class=\"elementor-field-type-email elementor-field-group elementor-column elementor-field-group-email elementor-col-100 elementor-field-required\">\n\t\t\t\t\t\t\t\t\t\t\t\t<label for=\"form-field-email\" class=\"elementor-field-label elementor-screen-only\">\n\t\t\t\t\t\t\t\tCorreo electr\u00f3nico\t\t\t\t\t\t\t<\/label>\n\t\t\t\t\t\t\t\t\t\t\t\t\t\t<input size=\"1\" type=\"email\" name=\"form_fields[email]\" id=\"form-field-email\" class=\"elementor-field elementor-size-sm  elementor-field-textual\" placeholder=\"Correo electr\u00f3nico\" required=\"required\">\n\t\t\t\t\t\t\t\t\t\t\t<\/div>\n\t\t\t\t\t\t\t\t<div class=\"elementor-field-type-checkbox elementor-field-group elementor-column elementor-field-group-field_f4f3e61 elementor-col-100\">\n\t\t\t\t\t\t\t\t\t\t\t\t<label for=\"form-field-field_f4f3e61\" class=\"elementor-field-label elementor-screen-only\">\n\t\t\t\t\t\t\t\tQu\u00e9 Necesitas\t\t\t\t\t\t\t<\/label>\n\t\t\t\t\t\t<div class=\"elementor-field-subgroup  \"><span class=\"elementor-field-option\"><input type=\"checkbox\" value=\"Ayudas por contrataci\u00f3n de personal\" id=\"form-field-field_f4f3e61-0\" name=\"form_fields[field_f4f3e61][]\"> <label for=\"form-field-field_f4f3e61-0\">Ayudas por contrataci\u00f3n de personal<\/label><\/span><span class=\"elementor-field-option\"><input type=\"checkbox\" value=\" Ayudas por crecimiento\" id=\"form-field-field_f4f3e61-1\" name=\"form_fields[field_f4f3e61][]\"> <label for=\"form-field-field_f4f3e61-1\"> Ayudas por crecimiento<\/label><\/span><span class=\"elementor-field-option\"><input type=\"checkbox\" value=\" Ayudas por innovaci\u00f3n\" id=\"form-field-field_f4f3e61-2\" name=\"form_fields[field_f4f3e61][]\"> <label for=\"form-field-field_f4f3e61-2\"> Ayudas por innovaci\u00f3n<\/label><\/span><span class=\"elementor-field-option\"><input type=\"checkbox\" value=\" Ayudas por Internacionalizaci\u00f3n\" id=\"form-field-field_f4f3e61-3\" name=\"form_fields[field_f4f3e61][]\"> <label for=\"form-field-field_f4f3e61-3\"> Ayudas por Internacionalizaci\u00f3n<\/label><\/span><span class=\"elementor-field-option\"><input type=\"checkbox\" value=\" Ayudas por refinanciaci\u00f3n, avales y garant\u00edas\" id=\"form-field-field_f4f3e61-4\" name=\"form_fields[field_f4f3e61][]\"> <label for=\"form-field-field_f4f3e61-4\"> Ayudas por refinanciaci\u00f3n, avales y garant\u00edas<\/label><\/span><span class=\"elementor-field-option\"><input type=\"checkbox\" value=\" Otros\" id=\"form-field-field_f4f3e61-5\" name=\"form_fields[field_f4f3e61][]\"> <label for=\"form-field-field_f4f3e61-5\"> Otros<\/label><\/span><\/div>\t\t\t\t<\/div>\n\t\t\t\t\t\t\t\t<div class=\"elementor-field-type-textarea elementor-field-group elementor-column elementor-field-group-message elementor-col-100\">\n\t\t\t\t\t\t\t\t\t\t\t\t<label for=\"form-field-message\" class=\"elementor-field-label elementor-screen-only\">\n\t\t\t\t\t\t\t\tBreve explicaci\u00f3n  \t\t\t\t\t\t\t<\/label>\n\t\t\t\t\t\t<textarea class=\"elementor-field-textual elementor-field  elementor-size-sm\" name=\"form_fields[message]\" id=\"form-field-message\" rows=\"4\" placeholder=\"Breve explicaci\u00f3n  \"><\/textarea>\t\t\t\t<\/div>\n\t\t\t\t\t\t\t\t<div class=\"elementor-field-type-acceptance elementor-field-group elementor-column elementor-field-group-field_a709462 elementor-col-100 elementor-field-required\">\n\t\t\t\t\t\t\t\t\t\t\t\t<label for=\"form-field-field_a709462\" class=\"elementor-field-label elementor-screen-only\">\n\t\t\t\t\t\t\t\tAceptance\t\t\t\t\t\t\t<\/label>\n\t\t\t\t\t\t\t\t<div class=\"elementor-field-subgroup\">\n\t\t\t<span class=\"elementor-field-option\">\n\t\t\t\t<input type=\"checkbox\" name=\"form_fields[field_a709462]\" id=\"form-field-field_a709462\" class=\"elementor-field elementor-size-sm  elementor-acceptance-field\" required=\"required\">\n\t\t\t\t<label for=\"form-field-field_a709462\"><font size=\"2\">  \n  Acepto la gesti\u00f3n de mis datos como se indica en la pol\u00edtica de privacidad.\n<\/font><\/label>\t\t\t<\/span>\n\t\t<\/div>\n\t\t\t\t\t\t<\/div>\n\t\t\t\t\t\t\t\t<div class=\"elementor-field-group elementor-column elementor-field-type-submit elementor-col-100 e-form__buttons elementor-sm-100\">\n\t\t\t\t\t<button class=\"elementor-button elementor-size-sm\" type=\"submit\">\n\t\t\t\t\t\t<span class=\"elementor-button-content-wrapper\">\n\t\t\t\t\t\t\t\t\t\t\t\t\t\t\t\t\t\t\t\t\t\t<span class=\"elementor-button-text\">Enviar<\/span>\n\t\t\t\t\t\t\t\t\t\t\t\t\t<\/span>\n\t\t\t\t\t<\/button>\n\t\t\t\t<\/div>\n\t\t\t<\/div>\n\t\t<\/form>\n\t\t\t\t\t\t<\/div>\n\t\t\t\t<\/div>\n\t\t\t\t<\/div>\n\t\t\t\t<\/div>\n\t\t<div class=\"elementor-element elementor-element-6a13a78 e-con-full e-flex e-con e-parent\" data-id=\"6a13a78\" data-element_type=\"container\" data-e-type=\"container\" data-settings=\"{&quot;background_background&quot;:&quot;classic&quot;}\">\n\t\t<div class=\"elementor-element elementor-element-15ae49b e-con-full e-flex e-con e-child\" data-id=\"15ae49b\" data-element_type=\"container\" data-e-type=\"container\">\n\t\t\t\t<div class=\"elementor-element elementor-element-b9be318 elementor-widget__width-initial elementor-widget-mobile__width-initial elementor-invisible elementor-widget elementor-widget-text-editor\" data-id=\"b9be318\" data-element_type=\"widget\" data-e-type=\"widget\" data-settings=\"{&quot;_animation&quot;:&quot;fadeIn&quot;,&quot;_animation_delay&quot;:600}\" data-widget_type=\"text-editor.default\">\n\t\t\t\t<div class=\"elementor-widget-container\">\n\t\t\t\t\t\t\t\t\t<p>La gesti\u00f3n de ayudas p\u00fablicas por empresas es crucial para optimizar recursos y financiar proyectos.<\/p>\t\t\t\t\t\t\t\t<\/div>\n\t\t\t\t<\/div>\n\t\t\t\t<\/div>\n\t\t<div class=\"elementor-element elementor-element-17b813f e-con-full e-flex e-con e-child\" data-id=\"17b813f\" data-element_type=\"container\" data-e-type=\"container\">\n\t\t\t\t<div class=\"elementor-element elementor-element-57fa41f elementor-invisible elementor-widget elementor-widget-text-editor\" data-id=\"57fa41f\" data-element_type=\"widget\" data-e-type=\"widget\" data-settings=\"{&quot;_animation&quot;:&quot;fadeIn&quot;,&quot;_animation_delay&quot;:700}\" data-widget_type=\"text-editor.default\">\n\t\t\t\t<div class=\"elementor-widget-container\">\n\t\t\t\t\t\t\t\t\t<p>El acceso a ayudas p\u00fablicas requiere estar informado de todas las bases que se van publicando a lo largo del a\u00f1o, analizando correctamente su contenido para saber si la empresa puede ser candidata a recibir la ayuda. En tal caso, a menudo es necesario preparar una memoria adaptada a las bases de cada ayuda p\u00fablica para maximizar las posibilidades de recibir dicha ayuda. <\/p><p>Para conseguir todo esto, y con el objetivo de que no tengas que apartar de su d\u00eda a d\u00eda a los recursos humanos de tu empresa, Pou Advocats pone su personal a tu disposici\u00f3n.<\/p>\t\t\t\t\t\t\t\t<\/div>\n\t\t\t\t<\/div>\n\t\t\t\t<\/div>\n\t\t\t\t<\/div>\n\t\t<div class=\"elementor-element elementor-element-397567f e-con-full e-flex e-con e-parent\" data-id=\"397567f\" data-element_type=\"container\" data-e-type=\"container\" data-settings=\"{&quot;background_background&quot;:&quot;classic&quot;,&quot;animation_delay&quot;:800,&quot;animation&quot;:&quot;none&quot;}\">\n\t\t<div class=\"elementor-element elementor-element-d82b3e4 e-con-full e-flex e-con e-child\" data-id=\"d82b3e4\" data-element_type=\"container\" data-e-type=\"container\">\n\t\t\t\t<div class=\"elementor-element elementor-element-6130ed0 elementor-widget elementor-widget-heading\" data-id=\"6130ed0\" data-element_type=\"widget\" data-e-type=\"widget\" data-widget_type=\"heading.default\">\n\t\t\t\t<div class=\"elementor-widget-container\">\n\t\t\t\t\t<h2 class=\"elementor-heading-title elementor-size-default\">\u00bfAlguna consulta?<\/h2>\t\t\t\t<\/div>\n\t\t\t\t<\/div>\n\t\t\t\t<\/div>\n\t\t<div class=\"elementor-element elementor-element-1405975 e-con-full e-flex e-con e-child\" data-id=\"1405975\" data-element_type=\"container\" data-e-type=\"container\">\n\t\t\t\t<div class=\"elementor-element elementor-element-9c529fd elementor-invisible elementor-widget elementor-widget-button\" data-id=\"9c529fd\" data-element_type=\"widget\" data-e-type=\"widget\" data-settings=\"{&quot;_animation&quot;:&quot;fadeIn&quot;}\" data-widget_type=\"button.default\">\n\t\t\t\t<div class=\"elementor-widget-container\">\n\t\t\t\t\t\t\t\t\t<div class=\"elementor-button-wrapper\">\n\t\t\t\t\t<a class=\"elementor-button elementor-button-link elementor-size-sm\" href=\"#\">\n\t\t\t\t\t\t<span class=\"elementor-button-content-wrapper\">\n\t\t\t\t\t\t\t\t\t<span class=\"elementor-button-text\">CONTACTO<\/span>\n\t\t\t\t\t<\/span>\n\t\t\t\t\t<\/a>\n\t\t\t\t<\/div>\n\t\t\t\t\t\t\t\t<\/div>\n\t\t\t\t<\/div>\n\t\t\t\t<\/div>\n\t\t\t\t<\/div>\n\t\t\t\t<\/div>\n\t\t","protected":false},"excerpt":{"rendered":"<p>Ayudas p\u00fablicas Analitzem les necessitats de la teva empresa per estudiar si poden ser candidates a rebre ajudes p\u00fabliques. Vols saber si pots optar a alguna ajuda p\u00fablica? Pots utilitzar el nostre cercador d\u2019ajudes p\u00fabliques, totalment gratu\u00eft, per trobar f\u00e0cilment quina s\u2019adapta millor a les teves necessitats. Si lo prefieres, tambi\u00e9n puedes explicarnos su situaci\u00f3n [&hellip;]<\/p>\n","protected":false},"author":1,"featured_media":780,"parent":0,"menu_order":0,"comment_status":"closed","ping_status":"closed","template":"elementor_header_footer","meta":{"footnotes":""},"class_list":["post-2036","page","type-page","status-publish","has-post-thumbnail","hentry"],"yoast_head":"<!-- This site is optimized with the Yoast SEO plugin v27.3 - https:\/\/yoast.com\/product\/yoast-seo-wordpress\/ -->\n<title>Ayudas p\u00fablicas empresas Girona - Pou advocats<\/title>\n<meta name=\"description\" content=\"Ayudas p\u00fablicas empresas Girona \u2013 En Pou Advocats analizamos tu empresa para valorar si puede optar a ayudas p\u00fablicas.\" \/>\n<meta name=\"robots\" content=\"index, follow, max-snippet:-1, max-image-preview:large, max-video-preview:-1\" \/>\n<link rel=\"canonical\" href=\"https:\/\/pouadvocats.com\/es\/ayudas-publicas-2\/\" \/>\n<meta property=\"og:locale\" content=\"es_ES\" \/>\n<meta property=\"og:type\" content=\"article\" \/>\n<meta property=\"og:title\" content=\"Ayudas p\u00fablicas empresas Girona - Pou advocats\" \/>\n<meta property=\"og:description\" content=\"Ayudas p\u00fablicas empresas Girona \u2013 En Pou Advocats analizamos tu empresa para valorar si puede optar a ayudas p\u00fablicas.\" \/>\n<meta property=\"og:url\" content=\"https:\/\/pouadvocats.com\/es\/ayudas-publicas-2\/\" \/>\n<meta property=\"og:site_name\" content=\"Pou advocats\" \/>\n<meta property=\"article:modified_time\" content=\"2026-03-27T18:16:12+00:00\" \/>\n<meta property=\"og:image\" content=\"https:\/\/pouadvocats.com\/wp-content\/uploads\/2025\/03\/pou-advocats-favicon.webp\" \/>\n\t<meta property=\"og:image:width\" content=\"927\" \/>\n\t<meta property=\"og:image:height\" content=\"928\" \/>\n\t<meta property=\"og:image:type\" content=\"image\/webp\" \/>\n<meta name=\"twitter:card\" content=\"summary_large_image\" \/>\n<meta name=\"twitter:label1\" content=\"Tiempo de lectura\" \/>\n\t<meta name=\"twitter:data1\" content=\"1 minuto\" \/>\n<script type=\"application\/ld+json\" class=\"yoast-schema-graph\">{\"@context\":\"https:\\\/\\\/schema.org\",\"@graph\":[{\"@type\":\"WebPage\",\"@id\":\"https:\\\/\\\/pouadvocats.com\\\/es\\\/ayudas-publicas-2\\\/\",\"url\":\"https:\\\/\\\/pouadvocats.com\\\/es\\\/ayudas-publicas-2\\\/\",\"name\":\"Ayudas p\u00fablicas empresas Girona - Pou advocats\",\"isPartOf\":{\"@id\":\"https:\\\/\\\/pouadvocats.com\\\/es\\\/#website\"},\"primaryImageOfPage\":{\"@id\":\"https:\\\/\\\/pouadvocats.com\\\/es\\\/ayudas-publicas-2\\\/#primaryimage\"},\"image\":{\"@id\":\"https:\\\/\\\/pouadvocats.com\\\/es\\\/ayudas-publicas-2\\\/#primaryimage\"},\"thumbnailUrl\":\"https:\\\/\\\/pouadvocats.com\\\/wp-content\\\/uploads\\\/2025\\\/03\\\/pou-advocats-favicon.webp\",\"datePublished\":\"2025-10-01T10:02:59+00:00\",\"dateModified\":\"2026-03-27T18:16:12+00:00\",\"description\":\"Ayudas p\u00fablicas empresas Girona \u2013 En Pou Advocats analizamos tu empresa para valorar si puede optar a ayudas p\u00fablicas.\",\"breadcrumb\":{\"@id\":\"https:\\\/\\\/pouadvocats.com\\\/es\\\/ayudas-publicas-2\\\/#breadcrumb\"},\"inLanguage\":\"es\",\"potentialAction\":[{\"@type\":\"ReadAction\",\"target\":[\"https:\\\/\\\/pouadvocats.com\\\/es\\\/ayudas-publicas-2\\\/\"]}]},{\"@type\":\"ImageObject\",\"inLanguage\":\"es\",\"@id\":\"https:\\\/\\\/pouadvocats.com\\\/es\\\/ayudas-publicas-2\\\/#primaryimage\",\"url\":\"https:\\\/\\\/pouadvocats.com\\\/wp-content\\\/uploads\\\/2025\\\/03\\\/pou-advocats-favicon.webp\",\"contentUrl\":\"https:\\\/\\\/pouadvocats.com\\\/wp-content\\\/uploads\\\/2025\\\/03\\\/pou-advocats-favicon.webp\",\"width\":927,\"height\":928,\"caption\":\"Pou Advocats\"},{\"@type\":\"BreadcrumbList\",\"@id\":\"https:\\\/\\\/pouadvocats.com\\\/es\\\/ayudas-publicas-2\\\/#breadcrumb\",\"itemListElement\":[{\"@type\":\"ListItem\",\"position\":1,\"name\":\"Inici\",\"item\":\"https:\\\/\\\/pouadvocats.com\\\/es\\\/inicio-2\\\/\"},{\"@type\":\"ListItem\",\"position\":2,\"name\":\"Ayudas P\u00fablicas\"}]},{\"@type\":\"WebSite\",\"@id\":\"https:\\\/\\\/pouadvocats.com\\\/es\\\/#website\",\"url\":\"https:\\\/\\\/pouadvocats.com\\\/es\\\/\",\"name\":\"Pou advocats\",\"description\":\"Vocaci\u00f3 d&#039;excel\u00b7l\u00e8ncia\",\"publisher\":{\"@id\":\"https:\\\/\\\/pouadvocats.com\\\/es\\\/#organization\"},\"potentialAction\":[{\"@type\":\"SearchAction\",\"target\":{\"@type\":\"EntryPoint\",\"urlTemplate\":\"https:\\\/\\\/pouadvocats.com\\\/es\\\/?s={search_term_string}\"},\"query-input\":{\"@type\":\"PropertyValueSpecification\",\"valueRequired\":true,\"valueName\":\"search_term_string\"}}],\"inLanguage\":\"es\"},{\"@type\":\"Organization\",\"@id\":\"https:\\\/\\\/pouadvocats.com\\\/es\\\/#organization\",\"name\":\"Pou advocats\",\"url\":\"https:\\\/\\\/pouadvocats.com\\\/es\\\/\",\"logo\":{\"@type\":\"ImageObject\",\"inLanguage\":\"es\",\"@id\":\"https:\\\/\\\/pouadvocats.com\\\/es\\\/#\\\/schema\\\/logo\\\/image\\\/\",\"url\":\"https:\\\/\\\/pouadvocats.com\\\/wp-content\\\/uploads\\\/2025\\\/03\\\/pou-advocats-favicon.webp\",\"contentUrl\":\"https:\\\/\\\/pouadvocats.com\\\/wp-content\\\/uploads\\\/2025\\\/03\\\/pou-advocats-favicon.webp\",\"width\":927,\"height\":928,\"caption\":\"Pou advocats\"},\"image\":{\"@id\":\"https:\\\/\\\/pouadvocats.com\\\/es\\\/#\\\/schema\\\/logo\\\/image\\\/\"}}]}<\/script>\n<!-- \/ Yoast SEO plugin. -->","yoast_head_json":{"title":"Ayudas p\u00fablicas empresas Girona - Pou advocats","description":"Ayudas p\u00fablicas empresas Girona \u2013 En Pou Advocats analizamos tu empresa para valorar si puede optar a ayudas p\u00fablicas.","robots":{"index":"index","follow":"follow","max-snippet":"max-snippet:-1","max-image-preview":"max-image-preview:large","max-video-preview":"max-video-preview:-1"},"canonical":"https:\/\/pouadvocats.com\/es\/ayudas-publicas-2\/","og_locale":"es_ES","og_type":"article","og_title":"Ayudas p\u00fablicas empresas Girona - Pou advocats","og_description":"Ayudas p\u00fablicas empresas Girona \u2013 En Pou Advocats analizamos tu empresa para valorar si puede optar a ayudas p\u00fablicas.","og_url":"https:\/\/pouadvocats.com\/es\/ayudas-publicas-2\/","og_site_name":"Pou advocats","article_modified_time":"2026-03-27T18:16:12+00:00","og_image":[{"width":927,"height":928,"url":"https:\/\/pouadvocats.com\/wp-content\/uploads\/2025\/03\/pou-advocats-favicon.webp","type":"image\/webp"}],"twitter_card":"summary_large_image","twitter_misc":{"Tiempo de lectura":"1 minuto"},"schema":{"@context":"https:\/\/schema.org","@graph":[{"@type":"WebPage","@id":"https:\/\/pouadvocats.com\/es\/ayudas-publicas-2\/","url":"https:\/\/pouadvocats.com\/es\/ayudas-publicas-2\/","name":"Ayudas p\u00fablicas empresas Girona - Pou advocats","isPartOf":{"@id":"https:\/\/pouadvocats.com\/es\/#website"},"primaryImageOfPage":{"@id":"https:\/\/pouadvocats.com\/es\/ayudas-publicas-2\/#primaryimage"},"image":{"@id":"https:\/\/pouadvocats.com\/es\/ayudas-publicas-2\/#primaryimage"},"thumbnailUrl":"https:\/\/pouadvocats.com\/wp-content\/uploads\/2025\/03\/pou-advocats-favicon.webp","datePublished":"2025-10-01T10:02:59+00:00","dateModified":"2026-03-27T18:16:12+00:00","description":"Ayudas p\u00fablicas empresas Girona \u2013 En Pou Advocats analizamos tu empresa para valorar si puede optar a ayudas p\u00fablicas.","breadcrumb":{"@id":"https:\/\/pouadvocats.com\/es\/ayudas-publicas-2\/#breadcrumb"},"inLanguage":"es","potentialAction":[{"@type":"ReadAction","target":["https:\/\/pouadvocats.com\/es\/ayudas-publicas-2\/"]}]},{"@type":"ImageObject","inLanguage":"es","@id":"https:\/\/pouadvocats.com\/es\/ayudas-publicas-2\/#primaryimage","url":"https:\/\/pouadvocats.com\/wp-content\/uploads\/2025\/03\/pou-advocats-favicon.webp","contentUrl":"https:\/\/pouadvocats.com\/wp-content\/uploads\/2025\/03\/pou-advocats-favicon.webp","width":927,"height":928,"caption":"Pou Advocats"},{"@type":"BreadcrumbList","@id":"https:\/\/pouadvocats.com\/es\/ayudas-publicas-2\/#breadcrumb","itemListElement":[{"@type":"ListItem","position":1,"name":"Inici","item":"https:\/\/pouadvocats.com\/es\/inicio-2\/"},{"@type":"ListItem","position":2,"name":"Ayudas P\u00fablicas"}]},{"@type":"WebSite","@id":"https:\/\/pouadvocats.com\/es\/#website","url":"https:\/\/pouadvocats.com\/es\/","name":"Pou advocats","description":"Vocaci\u00f3 d&#039;excel\u00b7l\u00e8ncia","publisher":{"@id":"https:\/\/pouadvocats.com\/es\/#organization"},"potentialAction":[{"@type":"SearchAction","target":{"@type":"EntryPoint","urlTemplate":"https:\/\/pouadvocats.com\/es\/?s={search_term_string}"},"query-input":{"@type":"PropertyValueSpecification","valueRequired":true,"valueName":"search_term_string"}}],"inLanguage":"es"},{"@type":"Organization","@id":"https:\/\/pouadvocats.com\/es\/#organization","name":"Pou advocats","url":"https:\/\/pouadvocats.com\/es\/","logo":{"@type":"ImageObject","inLanguage":"es","@id":"https:\/\/pouadvocats.com\/es\/#\/schema\/logo\/image\/","url":"https:\/\/pouadvocats.com\/wp-content\/uploads\/2025\/03\/pou-advocats-favicon.webp","contentUrl":"https:\/\/pouadvocats.com\/wp-content\/uploads\/2025\/03\/pou-advocats-favicon.webp","width":927,"height":928,"caption":"Pou advocats"},"image":{"@id":"https:\/\/pouadvocats.com\/es\/#\/schema\/logo\/image\/"}}]}},"_links":{"self":[{"href":"https:\/\/pouadvocats.com\/es\/wp-json\/wp\/v2\/pages\/2036","targetHints":{"allow":["GET"]}}],"collection":[{"href":"https:\/\/pouadvocats.com\/es\/wp-json\/wp\/v2\/pages"}],"about":[{"href":"https:\/\/pouadvocats.com\/es\/wp-json\/wp\/v2\/types\/page"}],"author":[{"embeddable":true,"href":"https:\/\/pouadvocats.com\/es\/wp-json\/wp\/v2\/users\/1"}],"replies":[{"embeddable":true,"href":"https:\/\/pouadvocats.com\/es\/wp-json\/wp\/v2\/comments?post=2036"}],"version-history":[{"count":7,"href":"https:\/\/pouadvocats.com\/es\/wp-json\/wp\/v2\/pages\/2036\/revisions"}],"predecessor-version":[{"id":2234,"href":"https:\/\/pouadvocats.com\/es\/wp-json\/wp\/v2\/pages\/2036\/revisions\/2234"}],"wp:featuredmedia":[{"embeddable":true,"href":"https:\/\/pouadvocats.com\/es\/wp-json\/wp\/v2\/media\/780"}],"wp:attachment":[{"href":"https:\/\/pouadvocats.com\/es\/wp-json\/wp\/v2\/media?parent=2036"}],"curies":[{"name":"wp","href":"https:\/\/api.w.org\/{rel}","templated":true}]}}