{"id":2020,"date":"2025-10-01T12:39:36","date_gmt":"2025-10-01T10:39:36","guid":{"rendered":"https:\/\/pouadvocats.com\/contacto-2\/"},"modified":"2026-03-27T19:12:13","modified_gmt":"2026-03-27T18:12:13","slug":"contacto-2","status":"publish","type":"page","link":"https:\/\/pouadvocats.com\/es\/contacto-2\/","title":{"rendered":"Contacto"},"content":{"rendered":"\t\t<div data-elementor-type=\"wp-page\" data-elementor-id=\"2020\" class=\"elementor elementor-2020 elementor-1929\" data-elementor-post-type=\"page\">\n\t\t\t\t<div class=\"elementor-element elementor-element-1ab22aa e-flex e-con-boxed e-con e-parent\" data-id=\"1ab22aa\" data-element_type=\"container\" data-e-type=\"container\" data-settings=\"{&quot;background_background&quot;:&quot;classic&quot;,&quot;animation&quot;:&quot;none&quot;,&quot;animation_delay&quot;:800}\">\n\t\t\t\t\t<div class=\"e-con-inner\">\n\t\t<div class=\"elementor-element elementor-element-acac8e9 e-con-full e-flex e-con e-child\" data-id=\"acac8e9\" data-element_type=\"container\" data-e-type=\"container\">\n\t\t\t\t<div class=\"elementor-element elementor-element-875c086 elementor-invisible elementor-widget elementor-widget-heading\" data-id=\"875c086\" data-element_type=\"widget\" data-e-type=\"widget\" data-settings=\"{&quot;_animation&quot;:&quot;fadeIn&quot;,&quot;_animation_delay&quot;:700}\" data-widget_type=\"heading.default\">\n\t\t\t\t<div class=\"elementor-widget-container\">\n\t\t\t\t\t<h2 class=\"elementor-heading-title elementor-size-default\">Contacto<\/h2>\t\t\t\t<\/div>\n\t\t\t\t<\/div>\n\t\t\t\t<\/div>\n\t\t\t\t\t<\/div>\n\t\t\t\t<\/div>\n\t\t<div class=\"elementor-element elementor-element-157069f e-con-full e-flex e-con e-parent\" data-id=\"157069f\" data-element_type=\"container\" data-e-type=\"container\" data-settings=\"{&quot;background_background&quot;:&quot;classic&quot;}\">\n\t\t<div class=\"elementor-element elementor-element-acd5842 e-con-full e-flex elementor-invisible e-con e-child\" data-id=\"acd5842\" data-element_type=\"container\" data-e-type=\"container\" data-settings=\"{&quot;animation&quot;:&quot;fadeIn&quot;,&quot;animation_delay&quot;:600}\">\n\t\t\t\t<div class=\"elementor-element elementor-element-addcc02 elementor-widget__width-initial elementor-invisible elementor-widget elementor-widget-text-editor\" data-id=\"addcc02\" data-element_type=\"widget\" data-e-type=\"widget\" data-settings=\"{&quot;_animation&quot;:&quot;fadeIn&quot;,&quot;_animation_delay&quot;:600}\" data-widget_type=\"text-editor.default\">\n\t\t\t\t<div class=\"elementor-widget-container\">\n\t\t\t\t\t\t\t\t\t<p>Pou Abogados<\/p>\t\t\t\t\t\t\t\t<\/div>\n\t\t\t\t<\/div>\n\t\t\t\t<div class=\"elementor-element elementor-element-2182283 elementor-icon-list--layout-traditional elementor-list-item-link-full_width elementor-widget elementor-widget-icon-list\" data-id=\"2182283\" data-element_type=\"widget\" data-e-type=\"widget\" data-widget_type=\"icon-list.default\">\n\t\t\t\t<div class=\"elementor-widget-container\">\n\t\t\t\t\t\t\t<ul class=\"elementor-icon-list-items\">\n\t\t\t\t\t\t\t<li class=\"elementor-icon-list-item\">\n\t\t\t\t\t\t\t\t\t\t\t<span class=\"elementor-icon-list-icon\">\n\t\t\t\t\t\t\t<svg aria-hidden=\"true\" class=\"e-font-icon-svg e-fas-map-marker-alt\" viewBox=\"0 0 384 512\" xmlns=\"http:\/\/www.w3.org\/2000\/svg\"><path d=\"M172.268 501.67C26.97 291.031 0 269.413 0 192 0 85.961 85.961 0 192 0s192 85.961 192 192c0 77.413-26.97 99.031-172.268 309.67-9.535 13.774-29.93 13.773-39.464 0zM192 272c44.183 0 80-35.817 80-80s-35.817-80-80-80-80 35.817-80 80 35.817 80 80 80z\"><\/path><\/svg>\t\t\t\t\t\t<\/span>\n\t\t\t\t\t\t\t\t\t\t<span class=\"elementor-icon-list-text\">Rambla Llibertat, 6-8, 1\u00ba, 17004 \u2013 Girona<\/span>\n\t\t\t\t\t\t\t\t\t<\/li>\n\t\t\t\t\t\t\t\t<li class=\"elementor-icon-list-item\">\n\t\t\t\t\t\t\t\t\t\t\t<span class=\"elementor-icon-list-icon\">\n\t\t\t\t\t\t\t<svg aria-hidden=\"true\" class=\"e-font-icon-svg e-fas-envelope\" viewBox=\"0 0 512 512\" xmlns=\"http:\/\/www.w3.org\/2000\/svg\"><path d=\"M502.3 190.8c3.9-3.1 9.7-.2 9.7 4.7V400c0 26.5-21.5 48-48 48H48c-26.5 0-48-21.5-48-48V195.6c0-5 5.7-7.8 9.7-4.7 22.4 17.4 52.1 39.5 154.1 113.6 21.1 15.4 56.7 47.8 92.2 47.6 35.7.3 72-32.8 92.3-47.6 102-74.1 131.6-96.3 154-113.7zM256 320c23.2.4 56.6-29.2 73.4-41.4 132.7-96.3 142.8-104.7 173.4-128.7 5.8-4.5 9.2-11.5 9.2-18.9v-19c0-26.5-21.5-48-48-48H48C21.5 64 0 85.5 0 112v19c0 7.4 3.4 14.3 9.2 18.9 30.6 23.9 40.7 32.4 173.4 128.7 16.8 12.2 50.2 41.8 73.4 41.4z\"><\/path><\/svg>\t\t\t\t\t\t<\/span>\n\t\t\t\t\t\t\t\t\t\t<span class=\"elementor-icon-list-text\">pouadvocats@pouadvocats.com<\/span>\n\t\t\t\t\t\t\t\t\t<\/li>\n\t\t\t\t\t\t\t\t<li class=\"elementor-icon-list-item\">\n\t\t\t\t\t\t\t\t\t\t\t<span class=\"elementor-icon-list-icon\">\n\t\t\t\t\t\t\t<svg aria-hidden=\"true\" class=\"e-font-icon-svg e-fas-phone-alt\" viewBox=\"0 0 512 512\" xmlns=\"http:\/\/www.w3.org\/2000\/svg\"><path d=\"M497.39 361.8l-112-48a24 24 0 0 0-28 6.9l-49.6 60.6A370.66 370.66 0 0 1 130.6 204.11l60.6-49.6a23.94 23.94 0 0 0 6.9-28l-48-112A24.16 24.16 0 0 0 122.6.61l-104 24A24 24 0 0 0 0 48c0 256.5 207.9 464 464 464a24 24 0 0 0 23.4-18.6l24-104a24.29 24.29 0 0 0-14.01-27.6z\"><\/path><\/svg>\t\t\t\t\t\t<\/span>\n\t\t\t\t\t\t\t\t\t\t<span class=\"elementor-icon-list-text\">(34) 972 410 768<\/span>\n\t\t\t\t\t\t\t\t\t<\/li>\n\t\t\t\t\t\t<\/ul>\n\t\t\t\t\t\t<\/div>\n\t\t\t\t<\/div>\n\t\t\t\t<\/div>\n\t\t<div class=\"elementor-element elementor-element-9dd3eb3 e-con-full e-flex e-con e-child\" data-id=\"9dd3eb3\" data-element_type=\"container\" data-e-type=\"container\">\n\t\t\t\t<div class=\"elementor-element elementor-element-be24783 elementor-button-align-start elementor-invisible elementor-widget elementor-widget-form\" data-id=\"be24783\" data-element_type=\"widget\" data-e-type=\"widget\" data-settings=\"{&quot;step_next_label&quot;:&quot;Next&quot;,&quot;step_previous_label&quot;:&quot;Previous&quot;,&quot;button_width_mobile&quot;:&quot;100&quot;,&quot;_animation&quot;:&quot;fadeIn&quot;,&quot;_animation_delay&quot;:600,&quot;button_width&quot;:&quot;100&quot;,&quot;step_type&quot;:&quot;number_text&quot;,&quot;step_icon_shape&quot;:&quot;circle&quot;}\" data-widget_type=\"form.default\">\n\t\t\t\t<div class=\"elementor-widget-container\">\n\t\t\t\t\t\t\t<form class=\"elementor-form\" method=\"post\" name=\"Contacto web\" aria-label=\"Contacto web\">\n\t\t\t<input type=\"hidden\" name=\"post_id\" value=\"2020\"\/>\n\t\t\t<input type=\"hidden\" name=\"form_id\" value=\"be24783\"\/>\n\t\t\t<input type=\"hidden\" name=\"referer_title\" value=\"Contacto abogados Girona - Pou advocats\" \/>\n\n\t\t\t\t\t\t\t<input type=\"hidden\" name=\"queried_id\" value=\"2020\"\/>\n\t\t\t\n\t\t\t<div class=\"elementor-form-fields-wrapper elementor-labels-\">\n\t\t\t\t\t\t\t\t<div class=\"elementor-field-type-text elementor-field-group elementor-column elementor-field-group-name elementor-col-100 elementor-field-required\">\n\t\t\t\t\t\t\t\t\t\t\t\t<label for=\"form-field-name\" class=\"elementor-field-label elementor-screen-only\">\n\t\t\t\t\t\t\t\tNombre y Apellidos\t\t\t\t\t\t\t<\/label>\n\t\t\t\t\t\t\t\t\t\t\t\t\t\t<input size=\"1\" type=\"text\" name=\"form_fields[name]\" id=\"form-field-name\" class=\"elementor-field elementor-size-sm  elementor-field-textual\" placeholder=\"Nombre y Apellidos\" required=\"required\">\n\t\t\t\t\t\t\t\t\t\t\t<\/div>\n\t\t\t\t\t\t\t\t<div class=\"elementor-field-type-email elementor-field-group elementor-column elementor-field-group-email elementor-col-50 elementor-field-required\">\n\t\t\t\t\t\t\t\t\t\t\t\t<label for=\"form-field-email\" class=\"elementor-field-label elementor-screen-only\">\n\t\t\t\t\t\t\t\tCorreo electr\u00f3nico\t\t\t\t\t\t\t<\/label>\n\t\t\t\t\t\t\t\t\t\t\t\t\t\t<input size=\"1\" type=\"email\" name=\"form_fields[email]\" id=\"form-field-email\" class=\"elementor-field elementor-size-sm  elementor-field-textual\" placeholder=\"Correo electr\u00f3nico\" required=\"required\">\n\t\t\t\t\t\t\t\t\t\t\t<\/div>\n\t\t\t\t\t\t\t\t<div class=\"elementor-field-type-tel elementor-field-group elementor-column elementor-field-group-field_6ae5965 elementor-col-50 elementor-field-required\">\n\t\t\t\t\t\t\t\t\t\t\t\t<label for=\"form-field-field_6ae5965\" class=\"elementor-field-label elementor-screen-only\">\n\t\t\t\t\t\t\t\tTel\u00e9fono\t\t\t\t\t\t\t<\/label>\n\t\t\t\t\t\t\t\t<input size=\"1\" type=\"tel\" name=\"form_fields[field_6ae5965]\" id=\"form-field-field_6ae5965\" class=\"elementor-field elementor-size-sm  elementor-field-textual\" placeholder=\"Tel\u00e9fono\" required=\"required\" pattern=\"[0-9()#&amp;+*-=.]+\" title=\"Solo se aceptan n\u00fameros y caracteres de tel\u00e9fono (#,-,*,etc).\">\n\n\t\t\t\t\t\t<\/div>\n\t\t\t\t\t\t\t\t<div class=\"elementor-field-type-textarea elementor-field-group elementor-column elementor-field-group-message elementor-col-100\">\n\t\t\t\t\t\t\t\t\t\t\t\t<label for=\"form-field-message\" class=\"elementor-field-label elementor-screen-only\">\n\t\t\t\t\t\t\t\tBreve explicaci\u00f3n  \t\t\t\t\t\t\t<\/label>\n\t\t\t\t\t\t<textarea class=\"elementor-field-textual elementor-field  elementor-size-sm\" name=\"form_fields[message]\" id=\"form-field-message\" rows=\"4\" placeholder=\"Breve explicaci\u00f3n  \"><\/textarea>\t\t\t\t<\/div>\n\t\t\t\t\t\t\t\t<div class=\"elementor-field-type-acceptance elementor-field-group elementor-column elementor-field-group-field_a709462 elementor-col-100 elementor-field-required\">\n\t\t\t\t\t\t\t\t\t\t\t\t<label for=\"form-field-field_a709462\" class=\"elementor-field-label elementor-screen-only\">\n\t\t\t\t\t\t\t\tAceptance\t\t\t\t\t\t\t<\/label>\n\t\t\t\t\t\t\t\t<div class=\"elementor-field-subgroup\">\n\t\t\t<span class=\"elementor-field-option\">\n\t\t\t\t<input type=\"checkbox\" name=\"form_fields[field_a709462]\" id=\"form-field-field_a709462\" class=\"elementor-field elementor-size-sm  elementor-acceptance-field\" required=\"required\">\n\t\t\t\t<label for=\"form-field-field_a709462\"><font size=\"2\">  \n  Acepto la gesti\u00f3n de mis datos como se indica en la pol\u00edtica de privacidad.\n<\/font><\/label>\t\t\t<\/span>\n\t\t<\/div>\n\t\t\t\t\t\t<\/div>\n\t\t\t\t\t\t\t\t<div class=\"elementor-field-type-recaptcha_v3 elementor-field-group elementor-column elementor-field-group-field_d623bca elementor-col-100 recaptcha_v3-bottomright\">\n\t\t\t\t\t<div class=\"elementor-field\" id=\"form-field-field_d623bca\"><div class=\"elementor-g-recaptcha\" data-sitekey=\"6LfmkggrAAAAANR178mdgjZektpAB64-MoYTRQeQ\" data-type=\"v3\" data-action=\"Form\" data-badge=\"bottomright\" data-size=\"invisible\"><\/div><\/div>\t\t\t\t<\/div>\n\t\t\t\t\t\t\t\t<div class=\"elementor-field-group elementor-column elementor-field-type-submit elementor-col-100 e-form__buttons elementor-sm-100\">\n\t\t\t\t\t<button class=\"elementor-button elementor-size-sm\" type=\"submit\">\n\t\t\t\t\t\t<span class=\"elementor-button-content-wrapper\">\n\t\t\t\t\t\t\t\t\t\t\t\t\t\t\t\t\t\t\t\t\t\t<span class=\"elementor-button-text\">Enviar<\/span>\n\t\t\t\t\t\t\t\t\t\t\t\t\t<\/span>\n\t\t\t\t\t<\/button>\n\t\t\t\t<\/div>\n\t\t\t<\/div>\n\t\t<\/form>\n\t\t\t\t\t\t<\/div>\n\t\t\t\t<\/div>\n\t\t\t\t<\/div>\n\t\t\t\t<\/div>\n\t\t<div class=\"elementor-element elementor-element-4f709d5 e-con-full e-flex e-con e-parent\" data-id=\"4f709d5\" data-element_type=\"container\" data-e-type=\"container\">\n\t\t\t\t<div class=\"elementor-element elementor-element-6ebc5b0 elementor-widget elementor-widget-google_maps\" data-id=\"6ebc5b0\" data-element_type=\"widget\" data-e-type=\"widget\" data-widget_type=\"google_maps.default\">\n\t\t\t\t<div class=\"elementor-widget-container\">\n\t\t\t\t\t\t\t<div class=\"elementor-custom-embed\">\n\t\t\t<iframe loading=\"lazy\"\n\t\t\t\t\tsrc=\"https:\/\/maps.google.com\/maps?q=rambla%20de%20la%20llibertat%2C%206%2C%201r&#038;t=m&#038;z=12&#038;output=embed&#038;iwloc=near\"\n\t\t\t\t\ttitle=\"rambla de la llibertat, 6, 1r\"\n\t\t\t\t\taria-label=\"rambla de la llibertat, 6, 1r\"\n\t\t\t><\/iframe>\n\t\t<\/div>\n\t\t\t\t\t\t<\/div>\n\t\t\t\t<\/div>\n\t\t\t\t<\/div>\n\t\t<div class=\"elementor-element elementor-element-1edfc08 e-flex e-con-boxed e-con e-parent\" data-id=\"1edfc08\" data-element_type=\"container\" data-e-type=\"container\" data-settings=\"{&quot;background_background&quot;:&quot;classic&quot;,&quot;animation&quot;:&quot;none&quot;,&quot;animation_delay&quot;:800}\">\n\t\t\t\t\t<div class=\"e-con-inner\">\n\t\t<div class=\"elementor-element elementor-element-503726f e-con-full e-flex e-con e-child\" data-id=\"503726f\" data-element_type=\"container\" data-e-type=\"container\">\n\t\t\t\t<div class=\"elementor-element elementor-element-e5f5a75 elementor-widget elementor-widget-heading\" data-id=\"e5f5a75\" data-element_type=\"widget\" data-e-type=\"widget\" data-widget_type=\"heading.default\">\n\t\t\t\t<div class=\"elementor-widget-container\">\n\t\t\t\t\t<h2 class=\"elementor-heading-title elementor-size-default\">Conoce al equipo<\/h2>\t\t\t\t<\/div>\n\t\t\t\t<\/div>\n\t\t\t\t<div class=\"elementor-element elementor-element-57320fc elementor-widget elementor-widget-text-editor\" data-id=\"57320fc\" data-element_type=\"widget\" data-e-type=\"widget\" data-widget_type=\"text-editor.default\">\n\t\t\t\t<div class=\"elementor-widget-container\">\n\t\t\t\t\t\t\t\t\t<p>Contamos con un equipo multidisciplinar de abogados con amplia experiencia en derecho civil, mercantil, laboral, administrativo y procesal.  <\/p>\t\t\t\t\t\t\t\t<\/div>\n\t\t\t\t<\/div>\n\t\t\t\t<div class=\"elementor-element elementor-element-789a7b9 elementor-widget elementor-widget-button\" data-id=\"789a7b9\" data-element_type=\"widget\" data-e-type=\"widget\" data-widget_type=\"button.default\">\n\t\t\t\t<div class=\"elementor-widget-container\">\n\t\t\t\t\t\t\t\t\t<div class=\"elementor-button-wrapper\">\n\t\t\t\t\t<a class=\"elementor-button elementor-button-link elementor-size-sm\" href=\"#\">\n\t\t\t\t\t\t<span class=\"elementor-button-content-wrapper\">\n\t\t\t\t\t\t\t\t\t<span class=\"elementor-button-text\">EQUIPO POU ABOGADOS<\/span>\n\t\t\t\t\t<\/span>\n\t\t\t\t\t<\/a>\n\t\t\t\t<\/div>\n\t\t\t\t\t\t\t\t<\/div>\n\t\t\t\t<\/div>\n\t\t\t\t<\/div>\n\t\t<div class=\"elementor-element elementor-element-56e4d4f e-con-full elementor-hidden-mobile e-flex e-con e-child\" data-id=\"56e4d4f\" data-element_type=\"container\" data-e-type=\"container\">\n\t\t\t\t<\/div>\n\t\t\t\t\t<\/div>\n\t\t\t\t<\/div>\n\t\t\t\t<\/div>\n\t\t","protected":false},"excerpt":{"rendered":"<p>Contacto Pou Abogados Rambla Llibertat, 6-8, 1\u00ba, 17004 \u2013 Girona pouadvocats@pouadvocats.com (34) 972 410 768 Conoce al equipo Contamos con un equipo multidisciplinar de abogados con amplia experiencia en derecho civil, mercantil, laboral, administrativo y procesal. EQUIPO POU ABOGADOS<\/p>\n","protected":false},"author":1,"featured_media":780,"parent":0,"menu_order":0,"comment_status":"closed","ping_status":"closed","template":"elementor_header_footer","meta":{"footnotes":""},"class_list":["post-2020","page","type-page","status-publish","has-post-thumbnail","hentry"],"yoast_head":"<!-- This site is optimized with the Yoast SEO plugin v27.3 - https:\/\/yoast.com\/product\/yoast-seo-wordpress\/ -->\n<title>Contacto abogados Girona - Pou advocats<\/title>\n<meta name=\"description\" content=\"Contacto abogados Girona \u2013 Pozo Abogados, a tu servicio para asesoramiento jur\u00eddico. Ll\u00e1manos o escr\u00edbenos por una consulta personalizada.\" \/>\n<meta name=\"robots\" content=\"index, follow, max-snippet:-1, max-image-preview:large, max-video-preview:-1\" \/>\n<link rel=\"canonical\" href=\"https:\/\/pouadvocats.com\/es\/contacto-2\/\" \/>\n<meta property=\"og:locale\" content=\"es_ES\" \/>\n<meta property=\"og:type\" content=\"article\" \/>\n<meta property=\"og:title\" content=\"Contacto abogados Girona - Pou advocats\" \/>\n<meta property=\"og:description\" content=\"Contacto abogados Girona \u2013 Pozo Abogados, a tu servicio para asesoramiento jur\u00eddico. Ll\u00e1manos o escr\u00edbenos por una consulta personalizada.\" \/>\n<meta property=\"og:url\" content=\"https:\/\/pouadvocats.com\/es\/contacto-2\/\" \/>\n<meta property=\"og:site_name\" content=\"Pou advocats\" \/>\n<meta property=\"article:modified_time\" content=\"2026-03-27T18:12:13+00:00\" \/>\n<meta property=\"og:image\" content=\"https:\/\/pouadvocats.com\/wp-content\/uploads\/2025\/03\/pou-advocats-favicon.webp\" \/>\n\t<meta property=\"og:image:width\" content=\"927\" \/>\n\t<meta property=\"og:image:height\" content=\"928\" \/>\n\t<meta property=\"og:image:type\" content=\"image\/webp\" \/>\n<meta name=\"twitter:card\" content=\"summary_large_image\" \/>\n<script type=\"application\/ld+json\" class=\"yoast-schema-graph\">{\"@context\":\"https:\\\/\\\/schema.org\",\"@graph\":[{\"@type\":\"WebPage\",\"@id\":\"https:\\\/\\\/pouadvocats.com\\\/es\\\/contacto-2\\\/\",\"url\":\"https:\\\/\\\/pouadvocats.com\\\/es\\\/contacto-2\\\/\",\"name\":\"Contacto abogados Girona - Pou advocats\",\"isPartOf\":{\"@id\":\"https:\\\/\\\/pouadvocats.com\\\/es\\\/#website\"},\"primaryImageOfPage\":{\"@id\":\"https:\\\/\\\/pouadvocats.com\\\/es\\\/contacto-2\\\/#primaryimage\"},\"image\":{\"@id\":\"https:\\\/\\\/pouadvocats.com\\\/es\\\/contacto-2\\\/#primaryimage\"},\"thumbnailUrl\":\"https:\\\/\\\/pouadvocats.com\\\/wp-content\\\/uploads\\\/2025\\\/03\\\/pou-advocats-favicon.webp\",\"datePublished\":\"2025-10-01T10:39:36+00:00\",\"dateModified\":\"2026-03-27T18:12:13+00:00\",\"description\":\"Contacto abogados Girona \u2013 Pozo Abogados, a tu servicio para asesoramiento jur\u00eddico. Ll\u00e1manos o escr\u00edbenos por una consulta personalizada.\",\"breadcrumb\":{\"@id\":\"https:\\\/\\\/pouadvocats.com\\\/es\\\/contacto-2\\\/#breadcrumb\"},\"inLanguage\":\"es\",\"potentialAction\":[{\"@type\":\"ReadAction\",\"target\":[\"https:\\\/\\\/pouadvocats.com\\\/es\\\/contacto-2\\\/\"]}]},{\"@type\":\"ImageObject\",\"inLanguage\":\"es\",\"@id\":\"https:\\\/\\\/pouadvocats.com\\\/es\\\/contacto-2\\\/#primaryimage\",\"url\":\"https:\\\/\\\/pouadvocats.com\\\/wp-content\\\/uploads\\\/2025\\\/03\\\/pou-advocats-favicon.webp\",\"contentUrl\":\"https:\\\/\\\/pouadvocats.com\\\/wp-content\\\/uploads\\\/2025\\\/03\\\/pou-advocats-favicon.webp\",\"width\":927,\"height\":928,\"caption\":\"Pou Advocats\"},{\"@type\":\"BreadcrumbList\",\"@id\":\"https:\\\/\\\/pouadvocats.com\\\/es\\\/contacto-2\\\/#breadcrumb\",\"itemListElement\":[{\"@type\":\"ListItem\",\"position\":1,\"name\":\"Inici\",\"item\":\"https:\\\/\\\/pouadvocats.com\\\/es\\\/inicio-2\\\/\"},{\"@type\":\"ListItem\",\"position\":2,\"name\":\"Contacto\"}]},{\"@type\":\"WebSite\",\"@id\":\"https:\\\/\\\/pouadvocats.com\\\/es\\\/#website\",\"url\":\"https:\\\/\\\/pouadvocats.com\\\/es\\\/\",\"name\":\"Pou advocats\",\"description\":\"Vocaci\u00f3 d&#039;excel\u00b7l\u00e8ncia\",\"publisher\":{\"@id\":\"https:\\\/\\\/pouadvocats.com\\\/es\\\/#organization\"},\"potentialAction\":[{\"@type\":\"SearchAction\",\"target\":{\"@type\":\"EntryPoint\",\"urlTemplate\":\"https:\\\/\\\/pouadvocats.com\\\/es\\\/?s={search_term_string}\"},\"query-input\":{\"@type\":\"PropertyValueSpecification\",\"valueRequired\":true,\"valueName\":\"search_term_string\"}}],\"inLanguage\":\"es\"},{\"@type\":\"Organization\",\"@id\":\"https:\\\/\\\/pouadvocats.com\\\/es\\\/#organization\",\"name\":\"Pou advocats\",\"url\":\"https:\\\/\\\/pouadvocats.com\\\/es\\\/\",\"logo\":{\"@type\":\"ImageObject\",\"inLanguage\":\"es\",\"@id\":\"https:\\\/\\\/pouadvocats.com\\\/es\\\/#\\\/schema\\\/logo\\\/image\\\/\",\"url\":\"https:\\\/\\\/pouadvocats.com\\\/wp-content\\\/uploads\\\/2025\\\/03\\\/pou-advocats-favicon.webp\",\"contentUrl\":\"https:\\\/\\\/pouadvocats.com\\\/wp-content\\\/uploads\\\/2025\\\/03\\\/pou-advocats-favicon.webp\",\"width\":927,\"height\":928,\"caption\":\"Pou advocats\"},\"image\":{\"@id\":\"https:\\\/\\\/pouadvocats.com\\\/es\\\/#\\\/schema\\\/logo\\\/image\\\/\"}}]}<\/script>\n<!-- \/ Yoast SEO plugin. -->","yoast_head_json":{"title":"Contacto abogados Girona - Pou advocats","description":"Contacto abogados Girona \u2013 Pozo Abogados, a tu servicio para asesoramiento jur\u00eddico. Ll\u00e1manos o escr\u00edbenos por una consulta personalizada.","robots":{"index":"index","follow":"follow","max-snippet":"max-snippet:-1","max-image-preview":"max-image-preview:large","max-video-preview":"max-video-preview:-1"},"canonical":"https:\/\/pouadvocats.com\/es\/contacto-2\/","og_locale":"es_ES","og_type":"article","og_title":"Contacto abogados Girona - Pou advocats","og_description":"Contacto abogados Girona \u2013 Pozo Abogados, a tu servicio para asesoramiento jur\u00eddico. Ll\u00e1manos o escr\u00edbenos por una consulta personalizada.","og_url":"https:\/\/pouadvocats.com\/es\/contacto-2\/","og_site_name":"Pou advocats","article_modified_time":"2026-03-27T18:12:13+00:00","og_image":[{"width":927,"height":928,"url":"https:\/\/pouadvocats.com\/wp-content\/uploads\/2025\/03\/pou-advocats-favicon.webp","type":"image\/webp"}],"twitter_card":"summary_large_image","schema":{"@context":"https:\/\/schema.org","@graph":[{"@type":"WebPage","@id":"https:\/\/pouadvocats.com\/es\/contacto-2\/","url":"https:\/\/pouadvocats.com\/es\/contacto-2\/","name":"Contacto abogados Girona - Pou advocats","isPartOf":{"@id":"https:\/\/pouadvocats.com\/es\/#website"},"primaryImageOfPage":{"@id":"https:\/\/pouadvocats.com\/es\/contacto-2\/#primaryimage"},"image":{"@id":"https:\/\/pouadvocats.com\/es\/contacto-2\/#primaryimage"},"thumbnailUrl":"https:\/\/pouadvocats.com\/wp-content\/uploads\/2025\/03\/pou-advocats-favicon.webp","datePublished":"2025-10-01T10:39:36+00:00","dateModified":"2026-03-27T18:12:13+00:00","description":"Contacto abogados Girona \u2013 Pozo Abogados, a tu servicio para asesoramiento jur\u00eddico. Ll\u00e1manos o escr\u00edbenos por una consulta personalizada.","breadcrumb":{"@id":"https:\/\/pouadvocats.com\/es\/contacto-2\/#breadcrumb"},"inLanguage":"es","potentialAction":[{"@type":"ReadAction","target":["https:\/\/pouadvocats.com\/es\/contacto-2\/"]}]},{"@type":"ImageObject","inLanguage":"es","@id":"https:\/\/pouadvocats.com\/es\/contacto-2\/#primaryimage","url":"https:\/\/pouadvocats.com\/wp-content\/uploads\/2025\/03\/pou-advocats-favicon.webp","contentUrl":"https:\/\/pouadvocats.com\/wp-content\/uploads\/2025\/03\/pou-advocats-favicon.webp","width":927,"height":928,"caption":"Pou Advocats"},{"@type":"BreadcrumbList","@id":"https:\/\/pouadvocats.com\/es\/contacto-2\/#breadcrumb","itemListElement":[{"@type":"ListItem","position":1,"name":"Inici","item":"https:\/\/pouadvocats.com\/es\/inicio-2\/"},{"@type":"ListItem","position":2,"name":"Contacto"}]},{"@type":"WebSite","@id":"https:\/\/pouadvocats.com\/es\/#website","url":"https:\/\/pouadvocats.com\/es\/","name":"Pou advocats","description":"Vocaci\u00f3 d&#039;excel\u00b7l\u00e8ncia","publisher":{"@id":"https:\/\/pouadvocats.com\/es\/#organization"},"potentialAction":[{"@type":"SearchAction","target":{"@type":"EntryPoint","urlTemplate":"https:\/\/pouadvocats.com\/es\/?s={search_term_string}"},"query-input":{"@type":"PropertyValueSpecification","valueRequired":true,"valueName":"search_term_string"}}],"inLanguage":"es"},{"@type":"Organization","@id":"https:\/\/pouadvocats.com\/es\/#organization","name":"Pou advocats","url":"https:\/\/pouadvocats.com\/es\/","logo":{"@type":"ImageObject","inLanguage":"es","@id":"https:\/\/pouadvocats.com\/es\/#\/schema\/logo\/image\/","url":"https:\/\/pouadvocats.com\/wp-content\/uploads\/2025\/03\/pou-advocats-favicon.webp","contentUrl":"https:\/\/pouadvocats.com\/wp-content\/uploads\/2025\/03\/pou-advocats-favicon.webp","width":927,"height":928,"caption":"Pou advocats"},"image":{"@id":"https:\/\/pouadvocats.com\/es\/#\/schema\/logo\/image\/"}}]}},"_links":{"self":[{"href":"https:\/\/pouadvocats.com\/es\/wp-json\/wp\/v2\/pages\/2020","targetHints":{"allow":["GET"]}}],"collection":[{"href":"https:\/\/pouadvocats.com\/es\/wp-json\/wp\/v2\/pages"}],"about":[{"href":"https:\/\/pouadvocats.com\/es\/wp-json\/wp\/v2\/types\/page"}],"author":[{"embeddable":true,"href":"https:\/\/pouadvocats.com\/es\/wp-json\/wp\/v2\/users\/1"}],"replies":[{"embeddable":true,"href":"https:\/\/pouadvocats.com\/es\/wp-json\/wp\/v2\/comments?post=2020"}],"version-history":[{"count":7,"href":"https:\/\/pouadvocats.com\/es\/wp-json\/wp\/v2\/pages\/2020\/revisions"}],"predecessor-version":[{"id":2188,"href":"https:\/\/pouadvocats.com\/es\/wp-json\/wp\/v2\/pages\/2020\/revisions\/2188"}],"wp:featuredmedia":[{"embeddable":true,"href":"https:\/\/pouadvocats.com\/es\/wp-json\/wp\/v2\/media\/780"}],"wp:attachment":[{"href":"https:\/\/pouadvocats.com\/es\/wp-json\/wp\/v2\/media?parent=2020"}],"curies":[{"name":"wp","href":"https:\/\/api.w.org\/{rel}","templated":true}]}}