{"id":2019,"date":"2025-10-01T12:17:15","date_gmt":"2025-10-01T10:17:15","guid":{"rendered":"https:\/\/pouadvocats.com\/licitaciones-publicas-2\/"},"modified":"2026-03-27T19:13:06","modified_gmt":"2026-03-27T18:13:06","slug":"licitaciones-publicas-2","status":"publish","type":"page","link":"https:\/\/pouadvocats.com\/es\/licitaciones-publicas-2\/","title":{"rendered":"Licitaciones p\u00fablicas"},"content":{"rendered":"\t\t<div data-elementor-type=\"wp-page\" data-elementor-id=\"2019\" class=\"elementor elementor-2019 elementor-1904\" data-elementor-post-type=\"page\">\n\t\t\t\t<div class=\"elementor-element elementor-element-0bfebc3 e-flex e-con-boxed e-con e-parent\" data-id=\"0bfebc3\" data-element_type=\"container\" data-e-type=\"container\" data-settings=\"{&quot;background_background&quot;:&quot;classic&quot;,&quot;animation&quot;:&quot;none&quot;,&quot;animation_delay&quot;:800}\">\n\t\t\t\t\t<div class=\"e-con-inner\">\n\t\t<div class=\"elementor-element elementor-element-2065fd3 e-con-full e-flex e-con e-child\" data-id=\"2065fd3\" data-element_type=\"container\" data-e-type=\"container\">\n\t\t\t\t<div class=\"elementor-element elementor-element-0e2f344 elementor-invisible elementor-widget elementor-widget-heading\" data-id=\"0e2f344\" data-element_type=\"widget\" data-e-type=\"widget\" data-settings=\"{&quot;_animation&quot;:&quot;fadeIn&quot;,&quot;_animation_delay&quot;:700}\" data-widget_type=\"heading.default\">\n\t\t\t\t<div class=\"elementor-widget-container\">\n\t\t\t\t\t<h2 class=\"elementor-heading-title elementor-size-default\">Licitaciones p\u00fablicas<\/h2>\t\t\t\t<\/div>\n\t\t\t\t<\/div>\n\t\t\t\t<\/div>\n\t\t\t\t\t<\/div>\n\t\t\t\t<\/div>\n\t\t<div class=\"elementor-element elementor-element-c0395e0 e-con-full licitactiva e-flex e-con e-parent\" data-id=\"c0395e0\" data-element_type=\"container\" data-e-type=\"container\" data-settings=\"{&quot;background_background&quot;:&quot;classic&quot;,&quot;animation&quot;:&quot;none&quot;,&quot;animation_delay&quot;:800}\">\n\t\t<div class=\"elementor-element elementor-element-a740e02 e-con-full e-flex e-con e-child\" data-id=\"a740e02\" data-element_type=\"container\" data-e-type=\"container\" data-settings=\"{&quot;background_background&quot;:&quot;classic&quot;}\">\n\t\t\t\t<div class=\"elementor-element elementor-element-ef14f4d animated-slow elementor-invisible elementor-widget elementor-widget-image\" data-id=\"ef14f4d\" data-element_type=\"widget\" data-e-type=\"widget\" data-settings=\"{&quot;_animation&quot;:&quot;fadeInDown&quot;,&quot;_animation_delay&quot;:400}\" data-widget_type=\"image.default\">\n\t\t\t\t<div class=\"elementor-widget-container\">\n\t\t\t\t\t\t\t\t\t\t\t\t\t\t\t<img fetchpriority=\"high\" decoding=\"async\" width=\"1150\" height=\"178\" src=\"https:\/\/pouadvocats.com\/wp-content\/uploads\/2025\/04\/Recurso-25.webp\" class=\"attachment-full size-full wp-image-768\" alt=\"\" srcset=\"https:\/\/pouadvocats.com\/wp-content\/uploads\/2025\/04\/Recurso-25.webp 1150w, https:\/\/pouadvocats.com\/wp-content\/uploads\/2025\/04\/Recurso-25-300x46.webp 300w, https:\/\/pouadvocats.com\/wp-content\/uploads\/2025\/04\/Recurso-25-1024x158.webp 1024w, https:\/\/pouadvocats.com\/wp-content\/uploads\/2025\/04\/Recurso-25-768x119.webp 768w\" sizes=\"(max-width: 1150px) 100vw, 1150px\" \/>\t\t\t\t\t\t\t\t\t\t\t\t\t\t\t<\/div>\n\t\t\t\t<\/div>\n\t\t\t\t<div class=\"elementor-element elementor-element-4694b69 elementor-invisible elementor-widget elementor-widget-text-editor\" data-id=\"4694b69\" data-element_type=\"widget\" data-e-type=\"widget\" data-settings=\"{&quot;_animation&quot;:&quot;fadeIn&quot;,&quot;_animation_delay&quot;:600}\" data-widget_type=\"text-editor.default\">\n\t\t\t\t<div class=\"elementor-widget-container\">\n\t\t\t\t\t\t\t\t\t<p><strong>Conoce Licitactiva,<\/strong><br><strong>un servicio de Pou Abogados<\/strong><\/p>\t\t\t\t\t\t\t\t<\/div>\n\t\t\t\t<\/div>\n\t\t\t\t<div class=\"elementor-element elementor-element-ded03f3 elementor-widget__width-initial elementor-invisible elementor-widget elementor-widget-text-editor\" data-id=\"ded03f3\" data-element_type=\"widget\" data-e-type=\"widget\" data-settings=\"{&quot;_animation&quot;:&quot;fadeIn&quot;,&quot;_animation_delay&quot;:600}\" data-widget_type=\"text-editor.default\">\n\t\t\t\t<div class=\"elementor-widget-container\">\n\t\t\t\t\t\t\t\t\t<p>La colaboraci\u00f3n p\u00fablico-privada se ha consolidado como una herramienta clave para impulsar el desarrollo econ\u00f3mico y social del pa\u00eds, optimizando recursos y mejorando la calidad de los servicios p\u00fablicos en un entorno cada vez m\u00e1s competitivo y din\u00e1mico.<\/p><p>Las licitaciones p\u00fablicas son esenciales para potenciar esta colaboraci\u00f3n, y para garantizar los principios de competencia y transparencia de este proceso, la Ley de Contratos del Sector P\u00fablico de 2017 marc\u00f3 unas pautas que han marcado antes y despu\u00e9s.<\/p>\t\t\t\t\t\t\t\t<\/div>\n\t\t\t\t<\/div>\n\t\t\t\t<div class=\"elementor-element elementor-element-06fc9e5 elementor-widget elementor-widget-button\" data-id=\"06fc9e5\" data-element_type=\"widget\" data-e-type=\"widget\" data-widget_type=\"button.default\">\n\t\t\t\t<div class=\"elementor-widget-container\">\n\t\t\t\t\t\t\t\t\t<div class=\"elementor-button-wrapper\">\n\t\t\t\t\t<a class=\"elementor-button elementor-button-link elementor-size-sm\" href=\"https:\/\/licitactiva.cat\/\" target=\"_blank\">\n\t\t\t\t\t\t<span class=\"elementor-button-content-wrapper\">\n\t\t\t\t\t\t\t\t\t<span class=\"elementor-button-text\">LICITACTIVA.CAT<\/span>\n\t\t\t\t\t<\/span>\n\t\t\t\t\t<\/a>\n\t\t\t\t<\/div>\n\t\t\t\t\t\t\t\t<\/div>\n\t\t\t\t<\/div>\n\t\t\t\t<\/div>\n\t\t<div class=\"elementor-element elementor-element-e160c5f e-con-full foto-licita2 e-flex e-con e-child\" data-id=\"e160c5f\" data-element_type=\"container\" data-e-type=\"container\" data-settings=\"{&quot;background_background&quot;:&quot;classic&quot;}\">\n\t\t<div class=\"elementor-element elementor-element-bf80543 e-con-full e-flex e-con e-child\" data-id=\"bf80543\" data-element_type=\"container\" data-e-type=\"container\" data-settings=\"{&quot;motion_fx_motion_fx_scrolling&quot;:&quot;yes&quot;,&quot;motion_fx_translateY_effect&quot;:&quot;yes&quot;,&quot;motion_fx_translateY_speed&quot;:{&quot;unit&quot;:&quot;px&quot;,&quot;size&quot;:2,&quot;sizes&quot;:[]},&quot;motion_fx_translateY_affectedRange&quot;:{&quot;unit&quot;:&quot;%&quot;,&quot;size&quot;:&quot;&quot;,&quot;sizes&quot;:{&quot;start&quot;:0,&quot;end&quot;:100}},&quot;motion_fx_devices&quot;:[&quot;desktop&quot;,&quot;tablet&quot;,&quot;mobile&quot;]}\">\n\t\t\t\t<div class=\"elementor-element elementor-element-eb29509 elementor-widget elementor-widget-text-editor\" data-id=\"eb29509\" data-element_type=\"widget\" data-e-type=\"widget\" data-widget_type=\"text-editor.default\">\n\t\t\t\t<div class=\"elementor-widget-container\">\n\t\t\t\t\t\t\t\t\t<p>\u00bb<\/p>\t\t\t\t\t\t\t\t<\/div>\n\t\t\t\t<\/div>\n\t\t\t\t<div class=\"elementor-element elementor-element-a28efca elementor-widget elementor-widget-text-editor\" data-id=\"a28efca\" data-element_type=\"widget\" data-e-type=\"widget\" data-widget_type=\"text-editor.default\">\n\t\t\t\t<div class=\"elementor-widget-container\">\n\t\t\t\t\t\t\t\t\t<p>Llevamos m\u00e1s de 5 a\u00f1os<br> experiencia en este \u00e1mbito<\/p>\t\t\t\t\t\t\t\t<\/div>\n\t\t\t\t<\/div>\n\t\t\t\t<\/div>\n\t\t\t\t<\/div>\n\t\t\t\t<\/div>\n\t\t<div class=\"elementor-element elementor-element-fa321fc e-con-full e-flex e-con e-parent\" data-id=\"fa321fc\" data-element_type=\"container\" data-e-type=\"container\" data-settings=\"{&quot;background_background&quot;:&quot;classic&quot;}\">\n\t\t<div class=\"elementor-element elementor-element-ee86089 e-con-full e-flex e-con e-child\" data-id=\"ee86089\" data-element_type=\"container\" data-e-type=\"container\">\n\t\t\t\t<div class=\"elementor-element elementor-element-2ff3447 elementor-widget__width-initial elementor-widget-mobile__width-initial elementor-invisible elementor-widget elementor-widget-text-editor\" data-id=\"2ff3447\" data-element_type=\"widget\" data-e-type=\"widget\" data-settings=\"{&quot;_animation&quot;:&quot;fadeIn&quot;,&quot;_animation_delay&quot;:600}\" data-widget_type=\"text-editor.default\">\n\t\t\t\t<div class=\"elementor-widget-container\">\n\t\t\t\t\t\t\t\t\t<p>Ofrecemos nuestros servicios a las dos partes que conforman esta colaboraci\u00f3n:<\/p>\t\t\t\t\t\t\t\t<\/div>\n\t\t\t\t<\/div>\n\t\t\t\t<\/div>\n\t\t<div class=\"elementor-element elementor-element-72c20d6 e-con-full e-flex e-con e-child\" data-id=\"72c20d6\" data-element_type=\"container\" data-e-type=\"container\">\n\t\t\t\t<div class=\"elementor-element elementor-element-c2497b3 elementor-invisible elementor-widget elementor-widget-text-editor\" data-id=\"c2497b3\" data-element_type=\"widget\" data-e-type=\"widget\" data-settings=\"{&quot;_animation&quot;:&quot;fadeInDown&quot;,&quot;_animation_delay&quot;:700}\" data-widget_type=\"text-editor.default\">\n\t\t\t\t<div class=\"elementor-widget-container\">\n\t\t\t\t\t\t\t\t\t<p><strong>\u00c1mbito p\u00fablico<\/strong><\/p>\t\t\t\t\t\t\t\t<\/div>\n\t\t\t\t<\/div>\n\t\t\t\t<div class=\"elementor-element elementor-element-2d27e5f elementor-invisible elementor-widget elementor-widget-text-editor\" data-id=\"2d27e5f\" data-element_type=\"widget\" data-e-type=\"widget\" data-settings=\"{&quot;_animation&quot;:&quot;fadeIn&quot;,&quot;_animation_delay&quot;:700}\" data-widget_type=\"text-editor.default\">\n\t\t\t\t<div class=\"elementor-widget-container\">\n\t\t\t\t\t\t\t\t\t<p>Actuamos en la redacci\u00f3n de los Pliegos Administrativos y T\u00e9cnicos de las licitaciones p\u00fablicas y en la planificaci\u00f3n de los expedientes de contrataci\u00f3n para atender a las necesidades de aquellas Administraciones P\u00fablicas que no cuenten con personal interno especializado.<\/p>\t\t\t\t\t\t\t\t<\/div>\n\t\t\t\t<\/div>\n\t\t\t\t<div class=\"elementor-element elementor-element-dc1bcfc elementor-invisible elementor-widget elementor-widget-text-editor\" data-id=\"dc1bcfc\" data-element_type=\"widget\" data-e-type=\"widget\" data-settings=\"{&quot;_animation&quot;:&quot;fadeInDown&quot;,&quot;_animation_delay&quot;:700}\" data-widget_type=\"text-editor.default\">\n\t\t\t\t<div class=\"elementor-widget-container\">\n\t\t\t\t\t\t\t\t\t<p><strong>\u00c1mbito privado<\/strong><\/p>\t\t\t\t\t\t\t\t<\/div>\n\t\t\t\t<\/div>\n\t\t\t\t<div class=\"elementor-element elementor-element-17305a2 elementor-invisible elementor-widget elementor-widget-text-editor\" data-id=\"17305a2\" data-element_type=\"widget\" data-e-type=\"widget\" data-settings=\"{&quot;_animation&quot;:&quot;fadeIn&quot;,&quot;_animation_delay&quot;:700}\" data-widget_type=\"text-editor.default\">\n\t\t\t\t<div class=\"elementor-widget-container\">\n\t\t\t\t\t\t\t\t\t<p>Ofrecemos a las empresas la posibilidad de externalizar todo lo relacionado con la contrataci\u00f3n p\u00fablica, permiti\u00e9ndolas acceder a un mercado representa m\u00e1s del 10% del PIB del pa\u00eds sin que tengan que ocuparse de nada.<\/p>\t\t\t\t\t\t\t\t<\/div>\n\t\t\t\t<\/div>\n\t\t\t\t<\/div>\n\t\t\t\t<\/div>\n\t\t<div class=\"elementor-element elementor-element-3df24bb e-con-full e-flex e-con e-parent\" data-id=\"3df24bb\" data-element_type=\"container\" data-e-type=\"container\" data-settings=\"{&quot;background_background&quot;:&quot;classic&quot;,&quot;animation_delay&quot;:800,&quot;animation&quot;:&quot;none&quot;}\">\n\t\t<div class=\"elementor-element elementor-element-e86b66b e-con-full e-flex e-con e-child\" data-id=\"e86b66b\" data-element_type=\"container\" data-e-type=\"container\">\n\t\t\t\t<div class=\"elementor-element elementor-element-b7e5ccc elementor-widget elementor-widget-heading\" data-id=\"b7e5ccc\" data-element_type=\"widget\" data-e-type=\"widget\" data-widget_type=\"heading.default\">\n\t\t\t\t<div class=\"elementor-widget-container\">\n\t\t\t\t\t<h2 class=\"elementor-heading-title elementor-size-default\">\u00bfAlguna consulta?<\/h2>\t\t\t\t<\/div>\n\t\t\t\t<\/div>\n\t\t\t\t<\/div>\n\t\t<div class=\"elementor-element elementor-element-4a5f4e2 e-con-full e-flex e-con e-child\" data-id=\"4a5f4e2\" data-element_type=\"container\" data-e-type=\"container\">\n\t\t\t\t<div class=\"elementor-element elementor-element-5ba61d4 elementor-invisible elementor-widget elementor-widget-button\" data-id=\"5ba61d4\" data-element_type=\"widget\" data-e-type=\"widget\" data-settings=\"{&quot;_animation&quot;:&quot;fadeIn&quot;}\" data-widget_type=\"button.default\">\n\t\t\t\t<div class=\"elementor-widget-container\">\n\t\t\t\t\t\t\t\t\t<div class=\"elementor-button-wrapper\">\n\t\t\t\t\t<a class=\"elementor-button elementor-button-link elementor-size-sm\" href=\"#\">\n\t\t\t\t\t\t<span class=\"elementor-button-content-wrapper\">\n\t\t\t\t\t\t\t\t\t<span class=\"elementor-button-text\">CONTACTO<\/span>\n\t\t\t\t\t<\/span>\n\t\t\t\t\t<\/a>\n\t\t\t\t<\/div>\n\t\t\t\t\t\t\t\t<\/div>\n\t\t\t\t<\/div>\n\t\t\t\t<\/div>\n\t\t\t\t<\/div>\n\t\t\t\t<\/div>\n\t\t","protected":false},"excerpt":{"rendered":"<p>Licitaciones p\u00fablicas Conoce Licitactiva,un servicio de Pou Abogados La colaboraci\u00f3n p\u00fablico-privada se ha consolidado como una herramienta clave para impulsar el desarrollo econ\u00f3mico y social del pa\u00eds, optimizando recursos y mejorando la calidad de los servicios p\u00fablicos en un entorno cada vez m\u00e1s competitivo y din\u00e1mico. Las licitaciones p\u00fablicas son esenciales para potenciar esta colaboraci\u00f3n, [&hellip;]<\/p>\n","protected":false},"author":1,"featured_media":780,"parent":0,"menu_order":0,"comment_status":"closed","ping_status":"closed","template":"elementor_header_footer","meta":{"footnotes":""},"class_list":["post-2019","page","type-page","status-publish","has-post-thumbnail","hentry"],"yoast_head":"<!-- This site is optimized with the Yoast SEO plugin v27.3 - https:\/\/yoast.com\/product\/yoast-seo-wordpress\/ -->\n<title>Licitaciones p\u00fablicas en Girona - Pou advocats<\/title>\n<meta name=\"description\" content=\"Expertos en licitaciones p\u00fablicas en Gerona. En Pou Advocats te asesoramos para que presentes a ofertas con garant\u00edas.\" \/>\n<meta name=\"robots\" content=\"index, follow, max-snippet:-1, max-image-preview:large, max-video-preview:-1\" \/>\n<link rel=\"canonical\" href=\"https:\/\/pouadvocats.com\/es\/licitaciones-publicas-2\/\" \/>\n<meta property=\"og:locale\" content=\"es_ES\" \/>\n<meta property=\"og:type\" content=\"article\" \/>\n<meta property=\"og:title\" content=\"Licitaciones p\u00fablicas en Girona - Pou advocats\" \/>\n<meta property=\"og:description\" content=\"Expertos en licitaciones p\u00fablicas en Gerona. En Pou Advocats te asesoramos para que presentes a ofertas con garant\u00edas.\" \/>\n<meta property=\"og:url\" content=\"https:\/\/pouadvocats.com\/es\/licitaciones-publicas-2\/\" \/>\n<meta property=\"og:site_name\" content=\"Pou advocats\" \/>\n<meta property=\"article:modified_time\" content=\"2026-03-27T18:13:06+00:00\" \/>\n<meta property=\"og:image\" content=\"https:\/\/pouadvocats.com\/wp-content\/uploads\/2025\/03\/pou-advocats-favicon.webp\" \/>\n\t<meta property=\"og:image:width\" content=\"927\" \/>\n\t<meta property=\"og:image:height\" content=\"928\" \/>\n\t<meta property=\"og:image:type\" content=\"image\/webp\" \/>\n<meta name=\"twitter:card\" content=\"summary_large_image\" \/>\n<meta name=\"twitter:label1\" content=\"Tiempo de lectura\" \/>\n\t<meta name=\"twitter:data1\" content=\"1 minuto\" \/>\n<script type=\"application\/ld+json\" class=\"yoast-schema-graph\">{\"@context\":\"https:\\\/\\\/schema.org\",\"@graph\":[{\"@type\":\"WebPage\",\"@id\":\"https:\\\/\\\/pouadvocats.com\\\/es\\\/licitaciones-publicas-2\\\/\",\"url\":\"https:\\\/\\\/pouadvocats.com\\\/es\\\/licitaciones-publicas-2\\\/\",\"name\":\"Licitaciones p\u00fablicas en Girona - Pou advocats\",\"isPartOf\":{\"@id\":\"https:\\\/\\\/pouadvocats.com\\\/es\\\/#website\"},\"primaryImageOfPage\":{\"@id\":\"https:\\\/\\\/pouadvocats.com\\\/es\\\/licitaciones-publicas-2\\\/#primaryimage\"},\"image\":{\"@id\":\"https:\\\/\\\/pouadvocats.com\\\/es\\\/licitaciones-publicas-2\\\/#primaryimage\"},\"thumbnailUrl\":\"https:\\\/\\\/pouadvocats.com\\\/wp-content\\\/uploads\\\/2025\\\/03\\\/pou-advocats-favicon.webp\",\"datePublished\":\"2025-10-01T10:17:15+00:00\",\"dateModified\":\"2026-03-27T18:13:06+00:00\",\"description\":\"Expertos en licitaciones p\u00fablicas en Gerona. En Pou Advocats te asesoramos para que presentes a ofertas con garant\u00edas.\",\"breadcrumb\":{\"@id\":\"https:\\\/\\\/pouadvocats.com\\\/es\\\/licitaciones-publicas-2\\\/#breadcrumb\"},\"inLanguage\":\"es\",\"potentialAction\":[{\"@type\":\"ReadAction\",\"target\":[\"https:\\\/\\\/pouadvocats.com\\\/es\\\/licitaciones-publicas-2\\\/\"]}]},{\"@type\":\"ImageObject\",\"inLanguage\":\"es\",\"@id\":\"https:\\\/\\\/pouadvocats.com\\\/es\\\/licitaciones-publicas-2\\\/#primaryimage\",\"url\":\"https:\\\/\\\/pouadvocats.com\\\/wp-content\\\/uploads\\\/2025\\\/03\\\/pou-advocats-favicon.webp\",\"contentUrl\":\"https:\\\/\\\/pouadvocats.com\\\/wp-content\\\/uploads\\\/2025\\\/03\\\/pou-advocats-favicon.webp\",\"width\":927,\"height\":928,\"caption\":\"Pou Advocats\"},{\"@type\":\"BreadcrumbList\",\"@id\":\"https:\\\/\\\/pouadvocats.com\\\/es\\\/licitaciones-publicas-2\\\/#breadcrumb\",\"itemListElement\":[{\"@type\":\"ListItem\",\"position\":1,\"name\":\"Inici\",\"item\":\"https:\\\/\\\/pouadvocats.com\\\/es\\\/inicio-2\\\/\"},{\"@type\":\"ListItem\",\"position\":2,\"name\":\"Licitaciones p\u00fablicas\"}]},{\"@type\":\"WebSite\",\"@id\":\"https:\\\/\\\/pouadvocats.com\\\/es\\\/#website\",\"url\":\"https:\\\/\\\/pouadvocats.com\\\/es\\\/\",\"name\":\"Pou advocats\",\"description\":\"Vocaci\u00f3 d&#039;excel\u00b7l\u00e8ncia\",\"publisher\":{\"@id\":\"https:\\\/\\\/pouadvocats.com\\\/es\\\/#organization\"},\"potentialAction\":[{\"@type\":\"SearchAction\",\"target\":{\"@type\":\"EntryPoint\",\"urlTemplate\":\"https:\\\/\\\/pouadvocats.com\\\/es\\\/?s={search_term_string}\"},\"query-input\":{\"@type\":\"PropertyValueSpecification\",\"valueRequired\":true,\"valueName\":\"search_term_string\"}}],\"inLanguage\":\"es\"},{\"@type\":\"Organization\",\"@id\":\"https:\\\/\\\/pouadvocats.com\\\/es\\\/#organization\",\"name\":\"Pou advocats\",\"url\":\"https:\\\/\\\/pouadvocats.com\\\/es\\\/\",\"logo\":{\"@type\":\"ImageObject\",\"inLanguage\":\"es\",\"@id\":\"https:\\\/\\\/pouadvocats.com\\\/es\\\/#\\\/schema\\\/logo\\\/image\\\/\",\"url\":\"https:\\\/\\\/pouadvocats.com\\\/wp-content\\\/uploads\\\/2025\\\/03\\\/pou-advocats-favicon.webp\",\"contentUrl\":\"https:\\\/\\\/pouadvocats.com\\\/wp-content\\\/uploads\\\/2025\\\/03\\\/pou-advocats-favicon.webp\",\"width\":927,\"height\":928,\"caption\":\"Pou advocats\"},\"image\":{\"@id\":\"https:\\\/\\\/pouadvocats.com\\\/es\\\/#\\\/schema\\\/logo\\\/image\\\/\"}}]}<\/script>\n<!-- \/ Yoast SEO plugin. -->","yoast_head_json":{"title":"Licitaciones p\u00fablicas en Girona - Pou advocats","description":"Expertos en licitaciones p\u00fablicas en Gerona. En Pou Advocats te asesoramos para que presentes a ofertas con garant\u00edas.","robots":{"index":"index","follow":"follow","max-snippet":"max-snippet:-1","max-image-preview":"max-image-preview:large","max-video-preview":"max-video-preview:-1"},"canonical":"https:\/\/pouadvocats.com\/es\/licitaciones-publicas-2\/","og_locale":"es_ES","og_type":"article","og_title":"Licitaciones p\u00fablicas en Girona - Pou advocats","og_description":"Expertos en licitaciones p\u00fablicas en Gerona. En Pou Advocats te asesoramos para que presentes a ofertas con garant\u00edas.","og_url":"https:\/\/pouadvocats.com\/es\/licitaciones-publicas-2\/","og_site_name":"Pou advocats","article_modified_time":"2026-03-27T18:13:06+00:00","og_image":[{"width":927,"height":928,"url":"https:\/\/pouadvocats.com\/wp-content\/uploads\/2025\/03\/pou-advocats-favicon.webp","type":"image\/webp"}],"twitter_card":"summary_large_image","twitter_misc":{"Tiempo de lectura":"1 minuto"},"schema":{"@context":"https:\/\/schema.org","@graph":[{"@type":"WebPage","@id":"https:\/\/pouadvocats.com\/es\/licitaciones-publicas-2\/","url":"https:\/\/pouadvocats.com\/es\/licitaciones-publicas-2\/","name":"Licitaciones p\u00fablicas en Girona - Pou advocats","isPartOf":{"@id":"https:\/\/pouadvocats.com\/es\/#website"},"primaryImageOfPage":{"@id":"https:\/\/pouadvocats.com\/es\/licitaciones-publicas-2\/#primaryimage"},"image":{"@id":"https:\/\/pouadvocats.com\/es\/licitaciones-publicas-2\/#primaryimage"},"thumbnailUrl":"https:\/\/pouadvocats.com\/wp-content\/uploads\/2025\/03\/pou-advocats-favicon.webp","datePublished":"2025-10-01T10:17:15+00:00","dateModified":"2026-03-27T18:13:06+00:00","description":"Expertos en licitaciones p\u00fablicas en Gerona. En Pou Advocats te asesoramos para que presentes a ofertas con garant\u00edas.","breadcrumb":{"@id":"https:\/\/pouadvocats.com\/es\/licitaciones-publicas-2\/#breadcrumb"},"inLanguage":"es","potentialAction":[{"@type":"ReadAction","target":["https:\/\/pouadvocats.com\/es\/licitaciones-publicas-2\/"]}]},{"@type":"ImageObject","inLanguage":"es","@id":"https:\/\/pouadvocats.com\/es\/licitaciones-publicas-2\/#primaryimage","url":"https:\/\/pouadvocats.com\/wp-content\/uploads\/2025\/03\/pou-advocats-favicon.webp","contentUrl":"https:\/\/pouadvocats.com\/wp-content\/uploads\/2025\/03\/pou-advocats-favicon.webp","width":927,"height":928,"caption":"Pou Advocats"},{"@type":"BreadcrumbList","@id":"https:\/\/pouadvocats.com\/es\/licitaciones-publicas-2\/#breadcrumb","itemListElement":[{"@type":"ListItem","position":1,"name":"Inici","item":"https:\/\/pouadvocats.com\/es\/inicio-2\/"},{"@type":"ListItem","position":2,"name":"Licitaciones p\u00fablicas"}]},{"@type":"WebSite","@id":"https:\/\/pouadvocats.com\/es\/#website","url":"https:\/\/pouadvocats.com\/es\/","name":"Pou advocats","description":"Vocaci\u00f3 d&#039;excel\u00b7l\u00e8ncia","publisher":{"@id":"https:\/\/pouadvocats.com\/es\/#organization"},"potentialAction":[{"@type":"SearchAction","target":{"@type":"EntryPoint","urlTemplate":"https:\/\/pouadvocats.com\/es\/?s={search_term_string}"},"query-input":{"@type":"PropertyValueSpecification","valueRequired":true,"valueName":"search_term_string"}}],"inLanguage":"es"},{"@type":"Organization","@id":"https:\/\/pouadvocats.com\/es\/#organization","name":"Pou advocats","url":"https:\/\/pouadvocats.com\/es\/","logo":{"@type":"ImageObject","inLanguage":"es","@id":"https:\/\/pouadvocats.com\/es\/#\/schema\/logo\/image\/","url":"https:\/\/pouadvocats.com\/wp-content\/uploads\/2025\/03\/pou-advocats-favicon.webp","contentUrl":"https:\/\/pouadvocats.com\/wp-content\/uploads\/2025\/03\/pou-advocats-favicon.webp","width":927,"height":928,"caption":"Pou advocats"},"image":{"@id":"https:\/\/pouadvocats.com\/es\/#\/schema\/logo\/image\/"}}]}},"_links":{"self":[{"href":"https:\/\/pouadvocats.com\/es\/wp-json\/wp\/v2\/pages\/2019","targetHints":{"allow":["GET"]}}],"collection":[{"href":"https:\/\/pouadvocats.com\/es\/wp-json\/wp\/v2\/pages"}],"about":[{"href":"https:\/\/pouadvocats.com\/es\/wp-json\/wp\/v2\/types\/page"}],"author":[{"embeddable":true,"href":"https:\/\/pouadvocats.com\/es\/wp-json\/wp\/v2\/users\/1"}],"replies":[{"embeddable":true,"href":"https:\/\/pouadvocats.com\/es\/wp-json\/wp\/v2\/comments?post=2019"}],"version-history":[{"count":10,"href":"https:\/\/pouadvocats.com\/es\/wp-json\/wp\/v2\/pages\/2019\/revisions"}],"predecessor-version":[{"id":2203,"href":"https:\/\/pouadvocats.com\/es\/wp-json\/wp\/v2\/pages\/2019\/revisions\/2203"}],"wp:featuredmedia":[{"embeddable":true,"href":"https:\/\/pouadvocats.com\/es\/wp-json\/wp\/v2\/media\/780"}],"wp:attachment":[{"href":"https:\/\/pouadvocats.com\/es\/wp-json\/wp\/v2\/media?parent=2019"}],"curies":[{"name":"wp","href":"https:\/\/api.w.org\/{rel}","templated":true}]}}