{"id":1276,"date":"2025-06-12T09:43:04","date_gmt":"2025-06-12T07:43:04","guid":{"rendered":"https:\/\/pouadvocats.com\/ayudas-publicas\/"},"modified":"2025-10-06T15:02:59","modified_gmt":"2025-10-06T13:02:59","slug":"ayudas-publicas","status":"publish","type":"page","link":"https:\/\/pouadvocats.com\/es\/ayudas-publicas\/","title":{"rendered":"Ayudas P\u00fablicas 2"},"content":{"rendered":"\t\t<div data-elementor-type=\"wp-page\" data-elementor-id=\"1276\" class=\"elementor elementor-1276\" data-elementor-post-type=\"page\">\n\t\t\t\t<div class=\"elementor-element elementor-element-cb7dfc9 e-flex e-con-boxed elementor-invisible e-con e-parent\" data-id=\"cb7dfc9\" data-element_type=\"container\" data-e-type=\"container\" data-settings=\"{&quot;animation&quot;:&quot;fadeInUp&quot;}\">\n\t\t\t\t\t<div class=\"e-con-inner\">\n\t\t\t\t<div class=\"elementor-element elementor-element-7d02ece elementor-widget elementor-widget-heading\" data-id=\"7d02ece\" data-element_type=\"widget\" data-e-type=\"widget\" data-widget_type=\"heading.default\">\n\t\t\t\t<div class=\"elementor-widget-container\">\n\t\t\t\t\t<h1 class=\"elementor-heading-title elementor-size-default\">AYUDAS P\u00daBLICAS<\/h1>\t\t\t\t<\/div>\n\t\t\t\t<\/div>\n\t\t\t\t\t<\/div>\n\t\t\t\t<\/div>\n\t\t<div class=\"elementor-element elementor-element-a02667c e-con-full e-flex e-con e-parent\" data-id=\"a02667c\" data-element_type=\"container\" data-e-type=\"container\" data-settings=\"{&quot;background_background&quot;:&quot;classic&quot;}\">\n\t\t<div class=\"elementor-element elementor-element-e038de4 e-con-full e-flex e-con e-child\" data-id=\"e038de4\" data-element_type=\"container\" data-e-type=\"container\" data-settings=\"{&quot;background_background&quot;:&quot;classic&quot;}\">\n\t\t\t\t<div class=\"elementor-element elementor-element-74ee83d elementor-widget elementor-widget-spacer\" data-id=\"74ee83d\" data-element_type=\"widget\" data-e-type=\"widget\" data-widget_type=\"spacer.default\">\n\t\t\t\t<div class=\"elementor-widget-container\">\n\t\t\t\t\t\t\t<div class=\"elementor-spacer\">\n\t\t\t<div class=\"elementor-spacer-inner\"><\/div>\n\t\t<\/div>\n\t\t\t\t\t\t<\/div>\n\t\t\t\t<\/div>\n\t\t\t\t<\/div>\n\t\t<div class=\"elementor-element elementor-element-c071b10 e-con-full e-flex elementor-invisible e-con e-child\" data-id=\"c071b10\" data-element_type=\"container\" data-e-type=\"container\" data-settings=\"{&quot;animation&quot;:&quot;fadeInRight&quot;}\">\n\t\t\t\t<div class=\"elementor-element elementor-element-3dac163 elementor-widget__width-initial elementor-widget elementor-widget-text-editor\" data-id=\"3dac163\" data-element_type=\"widget\" data-e-type=\"widget\" data-widget_type=\"text-editor.default\">\n\t\t\t\t<div class=\"elementor-widget-container\">\n\t\t\t\t\t\t\t\t\t<p class=\"p1\">Analizamos las necesidades de tu empresa para estudiar si pueden ser candidatas a recibir ayudas p\u00fablicas. \u00bfQuieres saber si puedes optar a alguna ayuda p\u00fablica? Expl\u00edcanos a trav\u00e9s del formulario cu\u00e1l es su situaci\u00f3n actual para que lo estudiemos y nos ponemos en contacto contigo <span class=\"s1\">lo antes posible.<\/span>  <\/p>\t\t\t\t\t\t\t\t<\/div>\n\t\t\t\t<\/div>\n\t\t\t\t<\/div>\n\t\t\t\t<\/div>\n\t\t<div class=\"elementor-element elementor-element-917f33a e-flex e-con-boxed e-con e-parent\" data-id=\"917f33a\" data-element_type=\"container\" data-e-type=\"container\">\n\t\t\t\t\t<div class=\"e-con-inner\">\n\t\t<div class=\"elementor-element elementor-element-d6172b4 e-con-full e-flex elementor-invisible e-con e-child\" data-id=\"d6172b4\" data-element_type=\"container\" data-e-type=\"container\" data-settings=\"{&quot;animation&quot;:&quot;slideInLeft&quot;}\">\n\t\t\t\t<div class=\"elementor-element elementor-element-0472e72 elementor-widget elementor-widget-heading\" data-id=\"0472e72\" data-element_type=\"widget\" data-e-type=\"widget\" data-widget_type=\"heading.default\">\n\t\t\t\t<div class=\"elementor-widget-container\">\n\t\t\t\t\t<h2 class=\"elementor-heading-title elementor-size-default\">\u00bfQuieres saber si puedes optar a una ayuda p\u00fablica? Rellena el formulario.<\/h2>\t\t\t\t<\/div>\n\t\t\t\t<\/div>\n\t\t\t\t<div class=\"elementor-element elementor-element-d567c5d elementor-widget elementor-widget-text-editor\" data-id=\"d567c5d\" data-element_type=\"widget\" data-e-type=\"widget\" data-widget_type=\"text-editor.default\">\n\t\t\t\t<div class=\"elementor-widget-container\">\n\t\t\t\t\t\t\t\t\t<p>Nos pondremos en contacto contigo para valorar si tu empresa puede beneficiarse de alguna de las ayudas disponibles actualmente.<\/p>\t\t\t\t\t\t\t\t<\/div>\n\t\t\t\t<\/div>\n\t\t\t\t<\/div>\n\t\t<div class=\"elementor-element elementor-element-d885313 e-con-full e-flex elementor-invisible e-con e-child\" data-id=\"d885313\" data-element_type=\"container\" data-e-type=\"container\" data-settings=\"{&quot;animation&quot;:&quot;slideInRight&quot;}\">\n\t\t\t\t<div class=\"elementor-element elementor-element-f4726d0 elementor-button-align-start elementor-widget elementor-widget-form\" data-id=\"f4726d0\" data-element_type=\"widget\" data-e-type=\"widget\" data-settings=\"{&quot;step_next_label&quot;:&quot;Next&quot;,&quot;step_previous_label&quot;:&quot;Previous&quot;,&quot;button_width&quot;:&quot;100&quot;,&quot;step_type&quot;:&quot;number_text&quot;,&quot;step_icon_shape&quot;:&quot;circle&quot;}\" data-widget_type=\"form.default\">\n\t\t\t\t<div class=\"elementor-widget-container\">\n\t\t\t\t\t\t\t<form class=\"elementor-form\" method=\"post\" name=\"Nuevo formulario\" aria-label=\"Nuevo formulario\">\n\t\t\t<input type=\"hidden\" name=\"post_id\" value=\"1276\"\/>\n\t\t\t<input type=\"hidden\" name=\"form_id\" value=\"f4726d0\"\/>\n\t\t\t<input type=\"hidden\" name=\"referer_title\" value=\"Ayudas P\u00fablicas 2 - Pou advocats\" \/>\n\n\t\t\t\t\t\t\t<input type=\"hidden\" name=\"queried_id\" value=\"1276\"\/>\n\t\t\t\n\t\t\t<div class=\"elementor-form-fields-wrapper elementor-labels-above\">\n\t\t\t\t\t\t\t\t<div class=\"elementor-field-type-text elementor-field-group elementor-column elementor-field-group-name elementor-col-100 elementor-field-required\">\n\t\t\t\t\t\t\t\t\t\t\t\t<label for=\"form-field-name\" class=\"elementor-field-label\">\n\t\t\t\t\t\t\t\tNombre y Apellidos\t\t\t\t\t\t\t<\/label>\n\t\t\t\t\t\t\t\t\t\t\t\t\t\t<input size=\"1\" type=\"text\" name=\"form_fields[name]\" id=\"form-field-name\" class=\"elementor-field elementor-size-sm  elementor-field-textual\" placeholder=\"Escribe aqu\u00ed\" required=\"required\">\n\t\t\t\t\t\t\t\t\t\t\t<\/div>\n\t\t\t\t\t\t\t\t<div class=\"elementor-field-type-email elementor-field-group elementor-column elementor-field-group-email elementor-col-100 elementor-field-required\">\n\t\t\t\t\t\t\t\t\t\t\t\t<label for=\"form-field-email\" class=\"elementor-field-label\">\n\t\t\t\t\t\t\t\tCorreo electr\u00f3nico\t\t\t\t\t\t\t<\/label>\n\t\t\t\t\t\t\t\t\t\t\t\t\t\t<input size=\"1\" type=\"email\" name=\"form_fields[email]\" id=\"form-field-email\" class=\"elementor-field elementor-size-sm  elementor-field-textual\" placeholder=\"Escribe aqu\u00ed\" required=\"required\">\n\t\t\t\t\t\t\t\t\t\t\t<\/div>\n\t\t\t\t\t\t\t\t<div class=\"elementor-field-type-checkbox elementor-field-group elementor-column elementor-field-group-field_f4f3e61 elementor-col-100\">\n\t\t\t\t\t\t\t\t\t\t\t\t<label for=\"form-field-field_f4f3e61\" class=\"elementor-field-label\">\n\t\t\t\t\t\t\t\tQu\u00e9 Necesitas\t\t\t\t\t\t\t<\/label>\n\t\t\t\t\t\t<div class=\"elementor-field-subgroup  \"><span class=\"elementor-field-option\"><input type=\"checkbox\" value=\"Ayudas por contrataci\u00f3n de personal\" id=\"form-field-field_f4f3e61-0\" name=\"form_fields[field_f4f3e61][]\"> <label for=\"form-field-field_f4f3e61-0\">Ayudas por contrataci\u00f3n de personal<\/label><\/span><span class=\"elementor-field-option\"><input type=\"checkbox\" value=\" Ayudas por crecimiento\" id=\"form-field-field_f4f3e61-1\" name=\"form_fields[field_f4f3e61][]\"> <label for=\"form-field-field_f4f3e61-1\"> Ayudas por crecimiento<\/label><\/span><span class=\"elementor-field-option\"><input type=\"checkbox\" value=\" Ayudas por innovaci\u00f3n\" id=\"form-field-field_f4f3e61-2\" name=\"form_fields[field_f4f3e61][]\"> <label for=\"form-field-field_f4f3e61-2\"> Ayudas por innovaci\u00f3n<\/label><\/span><span class=\"elementor-field-option\"><input type=\"checkbox\" value=\" Ayudas por Internacionalizaci\u00f3n\" id=\"form-field-field_f4f3e61-3\" name=\"form_fields[field_f4f3e61][]\"> <label for=\"form-field-field_f4f3e61-3\"> Ayudas por Internacionalizaci\u00f3n<\/label><\/span><span class=\"elementor-field-option\"><input type=\"checkbox\" value=\" Ayudas por refinanciaci\u00f3n, avales y garant\u00edas\" id=\"form-field-field_f4f3e61-4\" name=\"form_fields[field_f4f3e61][]\"> <label for=\"form-field-field_f4f3e61-4\"> Ayudas por refinanciaci\u00f3n, avales y garant\u00edas<\/label><\/span><span class=\"elementor-field-option\"><input type=\"checkbox\" value=\" Otros\" id=\"form-field-field_f4f3e61-5\" name=\"form_fields[field_f4f3e61][]\"> <label for=\"form-field-field_f4f3e61-5\"> Otros<\/label><\/span><\/div>\t\t\t\t<\/div>\n\t\t\t\t\t\t\t\t<div class=\"elementor-field-type-textarea elementor-field-group elementor-column elementor-field-group-message elementor-col-100\">\n\t\t\t\t\t\t\t\t\t\t\t\t<label for=\"form-field-message\" class=\"elementor-field-label\">\n\t\t\t\t\t\t\t\tBreve Explicaci\u00f3n  \t\t\t\t\t\t\t<\/label>\n\t\t\t\t\t\t<textarea class=\"elementor-field-textual elementor-field  elementor-size-sm\" name=\"form_fields[message]\" id=\"form-field-message\" rows=\"4\" placeholder=\"Escribe aqu\u00ed\"><\/textarea>\t\t\t\t<\/div>\n\t\t\t\t\t\t\t\t<div class=\"elementor-field-type-acceptance elementor-field-group elementor-column elementor-field-group-field_a709462 elementor-col-100 elementor-field-required\">\n\t\t\t\t\t\t\t\t\t\t\t\t<label for=\"form-field-field_a709462\" class=\"elementor-field-label\">\n\t\t\t\t\t\t\t\tAceptance\t\t\t\t\t\t\t<\/label>\n\t\t\t\t\t\t\t\t<div class=\"elementor-field-subgroup\">\n\t\t\t<span class=\"elementor-field-option\">\n\t\t\t\t<input type=\"checkbox\" name=\"form_fields[field_a709462]\" id=\"form-field-field_a709462\" class=\"elementor-field elementor-size-sm  elementor-acceptance-field\" required=\"required\">\n\t\t\t\t<label for=\"form-field-field_a709462\"><font size=\"2\">  \n  Acepto la gesti\u00f3n de mis datos como se indica en la pol\u00edtica de privacidad.\n<\/font><\/label>\t\t\t<\/span>\n\t\t<\/div>\n\t\t\t\t\t\t<\/div>\n\t\t\t\t\t\t\t\t<div class=\"elementor-field-group elementor-column elementor-field-type-submit elementor-col-100 e-form__buttons\">\n\t\t\t\t\t<button class=\"elementor-button elementor-size-sm\" type=\"submit\">\n\t\t\t\t\t\t<span class=\"elementor-button-content-wrapper\">\n\t\t\t\t\t\t\t\t\t\t\t\t\t\t\t\t\t\t\t\t\t\t<span class=\"elementor-button-text\">Enviar<\/span>\n\t\t\t\t\t\t\t\t\t\t\t\t\t<\/span>\n\t\t\t\t\t<\/button>\n\t\t\t\t<\/div>\n\t\t\t<\/div>\n\t\t<\/form>\n\t\t\t\t\t\t<\/div>\n\t\t\t\t<\/div>\n\t\t\t\t<\/div>\n\t\t\t\t\t<\/div>\n\t\t\t\t<\/div>\n\t\t<div class=\"elementor-element elementor-element-8adee08 e-flex e-con-boxed elementor-invisible e-con e-parent\" data-id=\"8adee08\" data-element_type=\"container\" data-e-type=\"container\" data-settings=\"{&quot;background_background&quot;:&quot;classic&quot;,&quot;animation&quot;:&quot;fadeInUp&quot;}\">\n\t\t\t\t\t<div class=\"e-con-inner\">\n\t\t<div class=\"elementor-element elementor-element-2f43369 e-con-full e-flex e-con e-child\" data-id=\"2f43369\" data-element_type=\"container\" data-e-type=\"container\">\n\t\t\t\t<div class=\"elementor-element elementor-element-494cfac elementor-widget elementor-widget-text-editor\" data-id=\"494cfac\" data-element_type=\"widget\" data-e-type=\"widget\" data-widget_type=\"text-editor.default\">\n\t\t\t\t<div class=\"elementor-widget-container\">\n\t\t\t\t\t\t\t\t\t<p class=\"p1\">La gesti\u00f3n de ayudas p\u00fablicas por empresas es crucial para optimizar recursos y financiar proyectos. El acceso a ayudas p\u00fablicas requiere estar informado de todas las bases que se van publicando a lo largo del a\u00f1o, analizando correctamente su contenido para saber si la empresa puede ser candidata a recibir la ayuda. En tal caso, a menudo es necesario preparar una memoria adaptada a las bases de cada ayuda p\u00fablica para maximizar las posibilidades de recibir dicha ayuda.  <\/p><p class=\"p1\">Para conseguir todo esto, y con el objetivo de que no tengas que apartar de su d\u00eda a d\u00eda a los recursos humanos de tu empresa, Pou Advocats pone su personal a tu disposici\u00f3n.<\/p>\t\t\t\t\t\t\t\t<\/div>\n\t\t\t\t<\/div>\n\t\t\t\t<div class=\"elementor-element elementor-element-9ede367 elementor-widget-divider--view-line elementor-widget elementor-widget-divider\" data-id=\"9ede367\" data-element_type=\"widget\" data-e-type=\"widget\" data-widget_type=\"divider.default\">\n\t\t\t\t<div class=\"elementor-widget-container\">\n\t\t\t\t\t\t\t<div class=\"elementor-divider\">\n\t\t\t<span class=\"elementor-divider-separator\">\n\t\t\t\t\t\t<\/span>\n\t\t<\/div>\n\t\t\t\t\t\t<\/div>\n\t\t\t\t<\/div>\n\t\t\t\t<div class=\"elementor-element elementor-element-5a12025 elementor-align-center elementor-icon-list--layout-traditional elementor-list-item-link-full_width elementor-widget elementor-widget-icon-list\" data-id=\"5a12025\" data-element_type=\"widget\" data-e-type=\"widget\" data-widget_type=\"icon-list.default\">\n\t\t\t\t<div class=\"elementor-widget-container\">\n\t\t\t\t\t\t\t<ul class=\"elementor-icon-list-items\">\n\t\t\t\t\t\t\t<li class=\"elementor-icon-list-item\">\n\t\t\t\t\t\t\t\t\t\t\t<a href=\"mailto:pouadvocats@pouadvocats.com\" target=\"_blank\">\n\n\t\t\t\t\t\t\t\t\t\t\t\t<span class=\"elementor-icon-list-icon\">\n\t\t\t\t\t\t\t<svg aria-hidden=\"true\" class=\"e-font-icon-svg e-fas-envelope\" viewBox=\"0 0 512 512\" xmlns=\"http:\/\/www.w3.org\/2000\/svg\"><path d=\"M502.3 190.8c3.9-3.1 9.7-.2 9.7 4.7V400c0 26.5-21.5 48-48 48H48c-26.5 0-48-21.5-48-48V195.6c0-5 5.7-7.8 9.7-4.7 22.4 17.4 52.1 39.5 154.1 113.6 21.1 15.4 56.7 47.8 92.2 47.6 35.7.3 72-32.8 92.3-47.6 102-74.1 131.6-96.3 154-113.7zM256 320c23.2.4 56.6-29.2 73.4-41.4 132.7-96.3 142.8-104.7 173.4-128.7 5.8-4.5 9.2-11.5 9.2-18.9v-19c0-26.5-21.5-48-48-48H48C21.5 64 0 85.5 0 112v19c0 7.4 3.4 14.3 9.2 18.9 30.6 23.9 40.7 32.4 173.4 128.7 16.8 12.2 50.2 41.8 73.4 41.4z\"><\/path><\/svg>\t\t\t\t\t\t<\/span>\n\t\t\t\t\t\t\t\t\t\t<span class=\"elementor-icon-list-text\">pouadvocats@pouadvocats.com<\/span>\n\t\t\t\t\t\t\t\t\t\t\t<\/a>\n\t\t\t\t\t\t\t\t\t<\/li>\n\t\t\t\t\t\t\t\t<li class=\"elementor-icon-list-item\">\n\t\t\t\t\t\t\t\t\t\t\t<a href=\"tel:972410768\" target=\"_blank\">\n\n\t\t\t\t\t\t\t\t\t\t\t\t<span class=\"elementor-icon-list-icon\">\n\t\t\t\t\t\t\t<svg aria-hidden=\"true\" class=\"e-font-icon-svg e-fas-phone-alt\" viewBox=\"0 0 512 512\" xmlns=\"http:\/\/www.w3.org\/2000\/svg\"><path d=\"M497.39 361.8l-112-48a24 24 0 0 0-28 6.9l-49.6 60.6A370.66 370.66 0 0 1 130.6 204.11l60.6-49.6a23.94 23.94 0 0 0 6.9-28l-48-112A24.16 24.16 0 0 0 122.6.61l-104 24A24 24 0 0 0 0 48c0 256.5 207.9 464 464 464a24 24 0 0 0 23.4-18.6l24-104a24.29 24.29 0 0 0-14.01-27.6z\"><\/path><\/svg>\t\t\t\t\t\t<\/span>\n\t\t\t\t\t\t\t\t\t\t<span class=\"elementor-icon-list-text\">(34) 972 410 768<\/span>\n\t\t\t\t\t\t\t\t\t\t\t<\/a>\n\t\t\t\t\t\t\t\t\t<\/li>\n\t\t\t\t\t\t<\/ul>\n\t\t\t\t\t\t<\/div>\n\t\t\t\t<\/div>\n\t\t\t\t<\/div>\n\t\t\t\t\t<\/div>\n\t\t\t\t<\/div>\n\t\t\t\t<\/div>\n\t\t","protected":false},"excerpt":{"rendered":"<p>AYUDAS P\u00daBLICAS Analizamos las necesidades de tu empresa para estudiar si pueden ser candidatas a recibir ayudas p\u00fablicas. \u00bfQuieres saber si puedes optar a alguna ayuda p\u00fablica? Expl\u00edcanos a trav\u00e9s del formulario cu\u00e1l es su situaci\u00f3n actual para que lo estudiemos y nos ponemos en contacto contigo lo antes posible. \u00bfQuieres saber si puedes optar [&hellip;]<\/p>\n","protected":false},"author":1,"featured_media":0,"parent":0,"menu_order":0,"comment_status":"closed","ping_status":"closed","template":"","meta":{"footnotes":""},"class_list":["post-1276","page","type-page","status-publish","hentry"],"yoast_head":"<!-- This site is optimized with the Yoast SEO plugin v27.5 - https:\/\/yoast.com\/product\/yoast-seo-wordpress\/ -->\n<title>Ayudas P\u00fablicas 2 - Pou advocats<\/title>\n<meta name=\"robots\" content=\"index, follow, max-snippet:-1, max-image-preview:large, max-video-preview:-1\" \/>\n<link rel=\"canonical\" href=\"https:\/\/pouadvocats.com\/es\/ayudas-publicas\/\" \/>\n<meta property=\"og:locale\" content=\"es_ES\" \/>\n<meta property=\"og:type\" content=\"article\" \/>\n<meta property=\"og:title\" content=\"Ayudas P\u00fablicas 2 - Pou advocats\" \/>\n<meta property=\"og:description\" content=\"AYUDAS P\u00daBLICAS Analizamos las necesidades de tu empresa para estudiar si pueden ser candidatas a recibir ayudas p\u00fablicas. \u00bfQuieres saber si puedes optar a alguna ayuda p\u00fablica? Expl\u00edcanos a trav\u00e9s del formulario cu\u00e1l es su situaci\u00f3n actual para que lo estudiemos y nos ponemos en contacto contigo lo antes posible. \u00bfQuieres saber si puedes optar [&hellip;]\" \/>\n<meta property=\"og:url\" content=\"https:\/\/pouadvocats.com\/es\/ayudas-publicas\/\" \/>\n<meta property=\"og:site_name\" content=\"Pou advocats\" \/>\n<meta property=\"article:modified_time\" content=\"2025-10-06T13:02:59+00:00\" \/>\n<meta name=\"twitter:card\" content=\"summary_large_image\" \/>\n<meta name=\"twitter:label1\" content=\"Tiempo de lectura\" \/>\n\t<meta name=\"twitter:data1\" content=\"1 minuto\" \/>\n<script type=\"application\/ld+json\" class=\"yoast-schema-graph\">{\"@context\":\"https:\\\/\\\/schema.org\",\"@graph\":[{\"@type\":\"WebPage\",\"@id\":\"https:\\\/\\\/pouadvocats.com\\\/es\\\/ayudas-publicas\\\/\",\"url\":\"https:\\\/\\\/pouadvocats.com\\\/es\\\/ayudas-publicas\\\/\",\"name\":\"Ayudas P\u00fablicas 2 - Pou advocats\",\"isPartOf\":{\"@id\":\"https:\\\/\\\/pouadvocats.com\\\/es\\\/#website\"},\"datePublished\":\"2025-06-12T07:43:04+00:00\",\"dateModified\":\"2025-10-06T13:02:59+00:00\",\"breadcrumb\":{\"@id\":\"https:\\\/\\\/pouadvocats.com\\\/es\\\/ayudas-publicas\\\/#breadcrumb\"},\"inLanguage\":\"es\",\"potentialAction\":[{\"@type\":\"ReadAction\",\"target\":[\"https:\\\/\\\/pouadvocats.com\\\/es\\\/ayudas-publicas\\\/\"]}]},{\"@type\":\"BreadcrumbList\",\"@id\":\"https:\\\/\\\/pouadvocats.com\\\/es\\\/ayudas-publicas\\\/#breadcrumb\",\"itemListElement\":[{\"@type\":\"ListItem\",\"position\":1,\"name\":\"Inici\",\"item\":\"https:\\\/\\\/pouadvocats.com\\\/es\\\/inicio-2\\\/\"},{\"@type\":\"ListItem\",\"position\":2,\"name\":\"Ayudas P\u00fablicas 2\"}]},{\"@type\":\"WebSite\",\"@id\":\"https:\\\/\\\/pouadvocats.com\\\/es\\\/#website\",\"url\":\"https:\\\/\\\/pouadvocats.com\\\/es\\\/\",\"name\":\"Pou advocats\",\"description\":\"Vocaci\u00f3 d&#039;excel\u00b7l\u00e8ncia\",\"publisher\":{\"@id\":\"https:\\\/\\\/pouadvocats.com\\\/es\\\/#organization\"},\"potentialAction\":[{\"@type\":\"SearchAction\",\"target\":{\"@type\":\"EntryPoint\",\"urlTemplate\":\"https:\\\/\\\/pouadvocats.com\\\/es\\\/?s={search_term_string}\"},\"query-input\":{\"@type\":\"PropertyValueSpecification\",\"valueRequired\":true,\"valueName\":\"search_term_string\"}}],\"inLanguage\":\"es\"},{\"@type\":\"Organization\",\"@id\":\"https:\\\/\\\/pouadvocats.com\\\/es\\\/#organization\",\"name\":\"Pou advocats\",\"url\":\"https:\\\/\\\/pouadvocats.com\\\/es\\\/\",\"logo\":{\"@type\":\"ImageObject\",\"inLanguage\":\"es\",\"@id\":\"https:\\\/\\\/pouadvocats.com\\\/es\\\/#\\\/schema\\\/logo\\\/image\\\/\",\"url\":\"https:\\\/\\\/pouadvocats.com\\\/wp-content\\\/uploads\\\/2025\\\/03\\\/pou-advocats-favicon.webp\",\"contentUrl\":\"https:\\\/\\\/pouadvocats.com\\\/wp-content\\\/uploads\\\/2025\\\/03\\\/pou-advocats-favicon.webp\",\"width\":927,\"height\":928,\"caption\":\"Pou advocats\"},\"image\":{\"@id\":\"https:\\\/\\\/pouadvocats.com\\\/es\\\/#\\\/schema\\\/logo\\\/image\\\/\"}}]}<\/script>\n<!-- \/ Yoast SEO plugin. -->","yoast_head_json":{"title":"Ayudas P\u00fablicas 2 - Pou advocats","robots":{"index":"index","follow":"follow","max-snippet":"max-snippet:-1","max-image-preview":"max-image-preview:large","max-video-preview":"max-video-preview:-1"},"canonical":"https:\/\/pouadvocats.com\/es\/ayudas-publicas\/","og_locale":"es_ES","og_type":"article","og_title":"Ayudas P\u00fablicas 2 - Pou advocats","og_description":"AYUDAS P\u00daBLICAS Analizamos las necesidades de tu empresa para estudiar si pueden ser candidatas a recibir ayudas p\u00fablicas. \u00bfQuieres saber si puedes optar a alguna ayuda p\u00fablica? Expl\u00edcanos a trav\u00e9s del formulario cu\u00e1l es su situaci\u00f3n actual para que lo estudiemos y nos ponemos en contacto contigo lo antes posible. \u00bfQuieres saber si puedes optar [&hellip;]","og_url":"https:\/\/pouadvocats.com\/es\/ayudas-publicas\/","og_site_name":"Pou advocats","article_modified_time":"2025-10-06T13:02:59+00:00","twitter_card":"summary_large_image","twitter_misc":{"Tiempo de lectura":"1 minuto"},"schema":{"@context":"https:\/\/schema.org","@graph":[{"@type":"WebPage","@id":"https:\/\/pouadvocats.com\/es\/ayudas-publicas\/","url":"https:\/\/pouadvocats.com\/es\/ayudas-publicas\/","name":"Ayudas P\u00fablicas 2 - Pou advocats","isPartOf":{"@id":"https:\/\/pouadvocats.com\/es\/#website"},"datePublished":"2025-06-12T07:43:04+00:00","dateModified":"2025-10-06T13:02:59+00:00","breadcrumb":{"@id":"https:\/\/pouadvocats.com\/es\/ayudas-publicas\/#breadcrumb"},"inLanguage":"es","potentialAction":[{"@type":"ReadAction","target":["https:\/\/pouadvocats.com\/es\/ayudas-publicas\/"]}]},{"@type":"BreadcrumbList","@id":"https:\/\/pouadvocats.com\/es\/ayudas-publicas\/#breadcrumb","itemListElement":[{"@type":"ListItem","position":1,"name":"Inici","item":"https:\/\/pouadvocats.com\/es\/inicio-2\/"},{"@type":"ListItem","position":2,"name":"Ayudas P\u00fablicas 2"}]},{"@type":"WebSite","@id":"https:\/\/pouadvocats.com\/es\/#website","url":"https:\/\/pouadvocats.com\/es\/","name":"Pou advocats","description":"Vocaci\u00f3 d&#039;excel\u00b7l\u00e8ncia","publisher":{"@id":"https:\/\/pouadvocats.com\/es\/#organization"},"potentialAction":[{"@type":"SearchAction","target":{"@type":"EntryPoint","urlTemplate":"https:\/\/pouadvocats.com\/es\/?s={search_term_string}"},"query-input":{"@type":"PropertyValueSpecification","valueRequired":true,"valueName":"search_term_string"}}],"inLanguage":"es"},{"@type":"Organization","@id":"https:\/\/pouadvocats.com\/es\/#organization","name":"Pou advocats","url":"https:\/\/pouadvocats.com\/es\/","logo":{"@type":"ImageObject","inLanguage":"es","@id":"https:\/\/pouadvocats.com\/es\/#\/schema\/logo\/image\/","url":"https:\/\/pouadvocats.com\/wp-content\/uploads\/2025\/03\/pou-advocats-favicon.webp","contentUrl":"https:\/\/pouadvocats.com\/wp-content\/uploads\/2025\/03\/pou-advocats-favicon.webp","width":927,"height":928,"caption":"Pou advocats"},"image":{"@id":"https:\/\/pouadvocats.com\/es\/#\/schema\/logo\/image\/"}}]}},"_links":{"self":[{"href":"https:\/\/pouadvocats.com\/es\/wp-json\/wp\/v2\/pages\/1276","targetHints":{"allow":["GET"]}}],"collection":[{"href":"https:\/\/pouadvocats.com\/es\/wp-json\/wp\/v2\/pages"}],"about":[{"href":"https:\/\/pouadvocats.com\/es\/wp-json\/wp\/v2\/types\/page"}],"author":[{"embeddable":true,"href":"https:\/\/pouadvocats.com\/es\/wp-json\/wp\/v2\/users\/1"}],"replies":[{"embeddable":true,"href":"https:\/\/pouadvocats.com\/es\/wp-json\/wp\/v2\/comments?post=1276"}],"version-history":[{"count":5,"href":"https:\/\/pouadvocats.com\/es\/wp-json\/wp\/v2\/pages\/1276\/revisions"}],"predecessor-version":[{"id":2084,"href":"https:\/\/pouadvocats.com\/es\/wp-json\/wp\/v2\/pages\/1276\/revisions\/2084"}],"wp:attachment":[{"href":"https:\/\/pouadvocats.com\/es\/wp-json\/wp\/v2\/media?parent=1276"}],"curies":[{"name":"wp","href":"https:\/\/api.w.org\/{rel}","templated":true}]}}